{"id":842,"date":"2021-04-27T22:06:02","date_gmt":"2021-04-27T22:06:02","guid":{"rendered":"https:\/\/andtropia.com\/?page_id=842"},"modified":"2024-10-11T13:51:59","modified_gmt":"2024-10-11T13:51:59","slug":"qui-som","status":"publish","type":"page","link":"https:\/\/andtropia.com\/en\/qui-som\/","title":{"rendered":"About us"},"content":{"rendered":"<div data-elementor-type=\"wp-page\" data-elementor-id=\"842\" class=\"elementor elementor-842\" data-elementor-post-type=\"page\">\n\t\t\t\t\t\t<section class=\"elementor-section elementor-top-section elementor-element elementor-element-575eec0 elementor-section-boxed elementor-section-height-default elementor-section-height-default\" data-id=\"575eec0\" data-element_type=\"section\" data-e-type=\"section\">\n\t\t\t\t\t\t<div class=\"elementor-container elementor-column-gap-default\">\n\t\t\t\t\t<div class=\"elementor-column elementor-col-100 elementor-top-column elementor-element elementor-element-3380728\" data-id=\"3380728\" data-element_type=\"column\" data-e-type=\"column\">\n\t\t\t<div class=\"elementor-widget-wrap elementor-element-populated\">\n\t\t\t\t\t\t<div class=\"elementor-element elementor-element-3b7b5cb elementor-headline--style-highlight elementor-widget elementor-widget-animated-headline\" data-id=\"3b7b5cb\" data-element_type=\"widget\" data-e-type=\"widget\" data-settings=\"{&quot;marker&quot;:&quot;underline_zigzag&quot;,&quot;highlighted_text&quot;:&quot;Qui som?&quot;,&quot;headline_style&quot;:&quot;highlight&quot;,&quot;loop&quot;:&quot;yes&quot;,&quot;highlight_animation_duration&quot;:1200,&quot;highlight_iteration_delay&quot;:8000}\" data-widget_type=\"animated-headline.default\">\n\t\t\t\t<div class=\"elementor-widget-container\">\n\t\t\t\t\t\t\t<h1 class=\"elementor-headline\">\n\t\t\t\t<span class=\"elementor-headline-dynamic-wrapper elementor-headline-text-wrapper\">\n\t\t\t\t\t<span class=\"elementor-headline-dynamic-text elementor-headline-text-active\">About us<\/span>\n\t\t\t\t<\/span>\n\t\t\t\t<\/h1>\n\t\t\t\t\t\t<\/div>\n\t\t\t\t<\/div>\n\t\t\t\t\t<\/div>\n\t\t<\/div>\n\t\t\t\t\t<\/div>\n\t\t<\/section>\n\t\t\t\t<section class=\"elementor-section elementor-top-section elementor-element elementor-element-da8ee3e elementor-section-boxed elementor-section-height-default elementor-section-height-default\" data-id=\"da8ee3e\" data-element_type=\"section\" data-e-type=\"section\" data-settings=\"{&quot;background_background&quot;:&quot;classic&quot;}\">\n\t\t\t\t\t\t<div class=\"elementor-container elementor-column-gap-default\">\n\t\t\t\t\t<div class=\"elementor-column elementor-col-100 elementor-top-column elementor-element elementor-element-89cca6e\" data-id=\"89cca6e\" data-element_type=\"column\" data-e-type=\"column\">\n\t\t\t<div class=\"elementor-widget-wrap elementor-element-populated\">\n\t\t\t\t\t\t<div class=\"elementor-element elementor-element-4258282 elementor-widget elementor-widget-text-editor\" data-id=\"4258282\" data-element_type=\"widget\" data-e-type=\"widget\" data-widget_type=\"text-editor.default\">\n\t\t\t\t<div class=\"elementor-widget-container\">\n\t\t\t\t\t\t\t\t\t<p class=\"p1\">Andtropia is an innovative and unique project in Andorra, a company specializing in philanthropic giving and projects with a high social impact.<\/p><p>\u00a0<\/p><p class=\"p1\">Our vocation is to help <b>entities with the management of social projects and to join their will to make the world a better place by collaborating in local and international initiatives that need a boost to have a significant social impact.<\/b>.<\/p><p>\u00a0<\/p><p class=\"p1\">We are professionals in the management of solidarity and have a global vision, without forgetting the solidarity projects of Andorra. At present, we offer two main areas of service. The first is aimed at the management of solidarity (philanthropy) in a personalized way and with tailored projects. The second is to assist NGOs and institutions in the rights of the most vulnerable groups and other aspects associated to the management of these types of institutions and social projects.<\/p><p>\u00a0<\/p><p class=\"p4\">The wish of Andtropia is to be faithful to our purpose and values. Therefore, we must be consistent with social projects that respond to a <b>good cause<\/b>. For a social project to be adopted by us, it must meet the criteria established by our company. In other words, we value innovation and how potential answers are given to a specific problem, how the results are achieved and the way recipients value them.<\/p><p class=\"p4\">Our values are <b>being rigorous, focusing on results, professionalism, trust, and transparency.<\/b><\/p>\t\t\t\t\t\t\t\t<\/div>\n\t\t\t\t<\/div>\n\t\t\t\t\t<\/div>\n\t\t<\/div>\n\t\t\t\t\t<\/div>\n\t\t<\/section>\n\t\t\t\t<section class=\"elementor-section elementor-top-section elementor-element elementor-element-9517679 elementor-section-boxed elementor-section-height-default elementor-section-height-default\" data-id=\"9517679\" data-element_type=\"section\" data-e-type=\"section\">\n\t\t\t\t\t\t<div class=\"elementor-container elementor-column-gap-default\">\n\t\t\t\t\t<div class=\"elementor-column elementor-col-100 elementor-top-column elementor-element elementor-element-6e6c37c\" data-id=\"6e6c37c\" data-element_type=\"column\" data-e-type=\"column\">\n\t\t\t<div class=\"elementor-widget-wrap elementor-element-populated\">\n\t\t\t\t\t\t<div class=\"elementor-element elementor-element-6cfcb12 elementor-widget elementor-widget-heading\" data-id=\"6cfcb12\" data-element_type=\"widget\" data-e-type=\"widget\" data-widget_type=\"heading.default\">\n\t\t\t\t<div class=\"elementor-widget-container\">\n\t\t\t\t\t<h2 class=\"elementor-heading-title elementor-size-default\">Andtropia in 5 ideas<\/h2>\t\t\t\t<\/div>\n\t\t\t\t<\/div>\n\t\t\t\t<div class=\"elementor-element elementor-element-ff63c7f elementor-widget elementor-widget-text-editor\" data-id=\"ff63c7f\" data-element_type=\"widget\" data-e-type=\"widget\" data-widget_type=\"text-editor.default\">\n\t\t\t\t<div class=\"elementor-widget-container\">\n\t\t\t\t\t\t\t\t\t<ul class=\"ul1\"><li class=\"li1\">Specialists in<b> leading social projects<\/b>, both locally and internationally.<\/li><li class=\"li1\">Proposal of a<b> A unique, innovative and new approach <\/b>to philanthropy in Andorra.<\/li><li class=\"li1\">We find tailored projects for philanthropists and collaborating companies. We customize solidarity to the fullest in order to offer a unique experience.<\/li><li class=\"li1\"><b>We connect <\/b>people and projects that respond to different causes with high social impact.<span class=\"Apple-converted-space\">\u00a0<\/span><\/li><li class=\"li1\">We offer our know-how and provide confidence and security to both parties with full management transparency.<\/li><\/ul>\t\t\t\t\t\t\t\t<\/div>\n\t\t\t\t<\/div>\n\t\t\t\t\t<\/div>\n\t\t<\/div>\n\t\t\t\t\t<\/div>\n\t\t<\/section>\n\t\t\t\t<section class=\"elementor-section elementor-top-section elementor-element elementor-element-a2f6526 elementor-section-boxed elementor-section-height-default elementor-section-height-default\" data-id=\"a2f6526\" data-element_type=\"section\" data-e-type=\"section\" data-settings=\"{&quot;background_background&quot;:&quot;classic&quot;}\">\n\t\t\t\t\t\t<div class=\"elementor-container elementor-column-gap-default\">\n\t\t\t\t\t<div class=\"elementor-column elementor-col-100 elementor-top-column elementor-element elementor-element-2a6fc2e\" data-id=\"2a6fc2e\" data-element_type=\"column\" data-e-type=\"column\">\n\t\t\t<div class=\"elementor-widget-wrap elementor-element-populated\">\n\t\t\t\t\t\t<div class=\"elementor-element elementor-element-c0548a9 elementor-widget elementor-widget-heading\" data-id=\"c0548a9\" data-element_type=\"widget\" data-e-type=\"widget\" data-widget_type=\"heading.default\">\n\t\t\t\t<div class=\"elementor-widget-container\">\n\t\t\t\t\t<h2 class=\"elementor-heading-title elementor-size-default\">marta alberch terr\u00e9s<\/h2>\t\t\t\t<\/div>\n\t\t\t\t<\/div>\n\t\t\t\t<section class=\"elementor-section elementor-inner-section elementor-element elementor-element-5cd41f5 elementor-section-boxed elementor-section-height-default elementor-section-height-default\" data-id=\"5cd41f5\" data-element_type=\"section\" data-e-type=\"section\">\n\t\t\t\t\t\t<div class=\"elementor-container elementor-column-gap-default\">\n\t\t\t\t\t<div class=\"elementor-column elementor-col-50 elementor-inner-column elementor-element elementor-element-6fd784c\" data-id=\"6fd784c\" data-element_type=\"column\" data-e-type=\"column\">\n\t\t\t<div class=\"elementor-widget-wrap elementor-element-populated\">\n\t\t\t\t\t\t<div class=\"elementor-element elementor-element-924511b elementor-widget elementor-widget-image\" data-id=\"924511b\" data-element_type=\"widget\" data-e-type=\"widget\" data-widget_type=\"image.default\">\n\t\t\t\t<div class=\"elementor-widget-container\">\n\t\t\t\t\t\t\t\t\t\t\t\t\t\t\t<img fetchpriority=\"high\" decoding=\"async\" width=\"899\" height=\"1024\" src=\"https:\/\/andtropia.com\/wp-content\/uploads\/2021\/04\/Andtropia-202108-Calsinaimatges-e1619372033562-899x1024.jpg\" class=\"attachment-large size-large wp-image-644\" alt=\"\" srcset=\"https:\/\/andtropia.com\/wp-content\/uploads\/2021\/04\/Andtropia-202108-Calsinaimatges-e1619372033562-899x1024.jpg 899w, https:\/\/andtropia.com\/wp-content\/uploads\/2021\/04\/Andtropia-202108-Calsinaimatges-e1619372033562-263x300.jpg 263w, https:\/\/andtropia.com\/wp-content\/uploads\/2021\/04\/Andtropia-202108-Calsinaimatges-e1619372033562-768x874.jpg 768w, https:\/\/andtropia.com\/wp-content\/uploads\/2021\/04\/Andtropia-202108-Calsinaimatges-e1619372033562-1349x1536.jpg 1349w, https:\/\/andtropia.com\/wp-content\/uploads\/2021\/04\/Andtropia-202108-Calsinaimatges-e1619372033562.jpg 1428w\" sizes=\"(max-width: 899px) 100vw, 899px\" \/>\t\t\t\t\t\t\t\t\t\t\t\t\t\t\t<\/div>\n\t\t\t\t<\/div>\n\t\t\t\t\t<\/div>\n\t\t<\/div>\n\t\t\t\t<div class=\"elementor-column elementor-col-50 elementor-inner-column elementor-element elementor-element-1fbe345\" data-id=\"1fbe345\" data-element_type=\"column\" data-e-type=\"column\">\n\t\t\t<div class=\"elementor-widget-wrap elementor-element-populated\">\n\t\t\t\t\t\t<div class=\"elementor-element elementor-element-5541004 elementor-widget elementor-widget-text-editor\" data-id=\"5541004\" data-element_type=\"widget\" data-e-type=\"widget\" data-widget_type=\"text-editor.default\">\n\t\t\t\t<div class=\"elementor-widget-container\">\n\t\t\t\t\t\t\t\t\t<p>Fundadora d\u2019Andtropia, empresa especialitzada en projectes amb impacte social. Posem en contacte persones que volen contribuir a crear un m\u00f3n millor i projectes de diversos \u00e0mbits que necessiten un impuls per posar-se en marxa o per assolir m\u00e9s abast, beneficiant a un nombre major de persones.<\/p><p>Actualment, ha estat nomenada Directora de l\u2019Institut Nacional de l\u2019Habitatge.<\/p><p>Graduate in Business (UOC), in Leadership and Management in NGOs (ESADE) and master\u2019s degree in Childhood Rights and Policies at a Local Level (Pablo de Olavide University \u2013 Sevilla), among other training.<\/p><p>A regular columnist of the Diari d\u2019Andorra, with opinion articles focusing on social, solidarity and philanthropic issues and highlighting aspects that directly or indirectly affect childhood.<\/p><p>More than 20 years of experience in the banking sector followed by 10 years at the head of the National Committee of Andorra for UNICEF, visiting projects in Jordan, Thailand, Cameroon, Republic of the Congo and Mauritania to know first-hand how solidarity can improve the lives of thousands of children and their families.<\/p><p>Other hobbies and passions: mountaineering, adventure raids, ice hockey, snowshoeing, ski mountaineering, cooking and travelling!<\/p>\t\t\t\t\t\t\t\t<\/div>\n\t\t\t\t<\/div>\n\t\t\t\t\t<\/div>\n\t\t<\/div>\n\t\t\t\t\t<\/div>\n\t\t<\/section>\n\t\t\t\t\t<\/div>\n\t\t<\/div>\n\t\t\t\t\t<\/div>\n\t\t<\/section>\n\t\t\t\t<section class=\"elementor-section elementor-top-section elementor-element elementor-element-abcea01 elementor-section-boxed elementor-section-height-default elementor-section-height-default\" data-id=\"abcea01\" data-element_type=\"section\" data-e-type=\"section\" data-settings=\"{&quot;background_background&quot;:&quot;classic&quot;}\">\n\t\t\t\t\t\t<div class=\"elementor-container elementor-column-gap-default\">\n\t\t\t\t\t<div class=\"elementor-column elementor-col-100 elementor-top-column elementor-element elementor-element-5e6a8a8\" data-id=\"5e6a8a8\" data-element_type=\"column\" data-e-type=\"column\">\n\t\t\t<div class=\"elementor-widget-wrap elementor-element-populated\">\n\t\t\t\t\t\t<div class=\"elementor-element elementor-element-aa63b76 elementor-widget elementor-widget-heading\" data-id=\"aa63b76\" data-element_type=\"widget\" data-e-type=\"widget\" data-widget_type=\"heading.default\">\n\t\t\t\t<div class=\"elementor-widget-container\">\n\t\t\t\t\t<h2 class=\"elementor-heading-title elementor-size-default\">merc\u00e8 miguel mill\u00e1n<\/h2>\t\t\t\t<\/div>\n\t\t\t\t<\/div>\n\t\t\t\t<section class=\"elementor-section elementor-inner-section elementor-element elementor-element-0b447cb elementor-section-boxed elementor-section-height-default elementor-section-height-default\" data-id=\"0b447cb\" data-element_type=\"section\" data-e-type=\"section\">\n\t\t\t\t\t\t<div class=\"elementor-container elementor-column-gap-default\">\n\t\t\t\t\t<div class=\"elementor-column elementor-col-50 elementor-inner-column elementor-element elementor-element-d522dc6\" data-id=\"d522dc6\" data-element_type=\"column\" data-e-type=\"column\">\n\t\t\t<div class=\"elementor-widget-wrap elementor-element-populated\">\n\t\t\t\t\t\t<div class=\"elementor-element elementor-element-12ba088 elementor-widget elementor-widget-image\" data-id=\"12ba088\" data-element_type=\"widget\" data-e-type=\"widget\" data-widget_type=\"image.default\">\n\t\t\t\t<div class=\"elementor-widget-container\">\n\t\t\t\t\t\t\t\t\t\t\t\t\t\t\t<img decoding=\"async\" width=\"899\" height=\"1024\" src=\"https:\/\/andtropia.com\/wp-content\/uploads\/2024\/10\/merce-miguel.jpg\" class=\"attachment-large size-large wp-image-1594\" alt=\"merc\u00e8 miguel mill\u00e1n\" srcset=\"https:\/\/andtropia.com\/wp-content\/uploads\/2024\/10\/merce-miguel.jpg 899w, https:\/\/andtropia.com\/wp-content\/uploads\/2024\/10\/merce-miguel-263x300.jpg 263w, https:\/\/andtropia.com\/wp-content\/uploads\/2024\/10\/merce-miguel-768x875.jpg 768w, https:\/\/andtropia.com\/wp-content\/uploads\/2024\/10\/merce-miguel-11x12.jpg 11w\" sizes=\"(max-width: 899px) 100vw, 899px\" \/>\t\t\t\t\t\t\t\t\t\t\t\t\t\t\t<\/div>\n\t\t\t\t<\/div>\n\t\t\t\t\t<\/div>\n\t\t<\/div>\n\t\t\t\t<div class=\"elementor-column elementor-col-50 elementor-inner-column elementor-element elementor-element-28f82ab\" data-id=\"28f82ab\" data-element_type=\"column\" data-e-type=\"column\">\n\t\t\t<div class=\"elementor-widget-wrap elementor-element-populated\">\n\t\t\t\t\t\t<div class=\"elementor-element elementor-element-63810a8 elementor-widget elementor-widget-text-editor\" data-id=\"63810a8\" data-element_type=\"widget\" data-e-type=\"widget\" data-widget_type=\"text-editor.default\">\n\t\t\t\t<div class=\"elementor-widget-container\">\n\t\t\t\t\t\t\t\t\t<p>Cap de projectes d\u2019Andtropia, amb m\u00e9s de 10 anys d\u2019experi\u00e8ncia en el tercer sector (Enginyeria Sense Fronteres primer i UNICEF despr\u00e9s). Gr\u00e0cies a la seva experi\u00e8ncia en organitzaci\u00f3 d\u2019esdeveniments, campanyes de sensibilitzaci\u00f3,comunicaci\u00f3 i moda sostenible podrem ampliar el nostre impacte social.<\/p><p>Llicenciada en Hist\u00f2ria(UAB), postgraduada en direcci\u00f3 i gesti\u00f3 d\u2019ONG (ESADE) i protocol i organitzaci\u00f3 d\u2019esdeveniments (ESPRI) i m\u00e0ster en direcci\u00f3 d\u2019associacions i fundacions (UB), entre altres formacions.<\/p><p>Postgraduada en Imatge Personal (ESME) i Moda Sostenible (UAL: Central Saint Martins)), una de les seves grans passions. Tamb\u00e9 li apassiona el cinema, la lectura, viatjar i el ioga.<\/p><p>La seva amplia formaci\u00f3 i la seva vocaci\u00f3 educativa l\u2019han portat a realitzar formacions sobre Responsabilitat Social Corporativa, Moda Sostenible, Drets d\u2019Inf\u00e0ncia i ODS, Protocol i Organitzaci\u00f3 d\u2019esdeveniments, Imatge Corporativa,&#8230; a diferents entitats p\u00fabliques i privades i institucions educatives.<\/p>\t\t\t\t\t\t\t\t<\/div>\n\t\t\t\t<\/div>\n\t\t\t\t\t<\/div>\n\t\t<\/div>\n\t\t\t\t\t<\/div>\n\t\t<\/section>\n\t\t\t\t\t<\/div>\n\t\t<\/div>\n\t\t\t\t\t<\/div>\n\t\t<\/section>\n\t\t\t\t<\/div>","protected":false},"excerpt":{"rendered":"<p>Who are we? Andtropia is an innovative and unique project in the country, a company specialized in philanthropy and projects with social impact. Our vocation is to help entities in the management of social projects and connect the desire to make a better world by collaborating in local and international initiatives that need a boost... <a title=\"About us\" class=\"read-more\" href=\"https:\/\/andtropia.com\/en\/qui-som\/\" aria-label=\"Read more about Who are we?\">Read more<\/a><\/p>","protected":false},"author":1,"featured_media":0,"parent":0,"menu_order":0,"comment_status":"closed","ping_status":"closed","template":"elementor_header_footer","meta":{"footnotes":""},"class_list":["post-842","page","type-page","status-publish"],"_links":{"self":[{"href":"https:\/\/andtropia.com\/en\/wp-json\/wp\/v2\/pages\/842","targetHints":{"allow":["GET"]}}],"collection":[{"href":"https:\/\/andtropia.com\/en\/wp-json\/wp\/v2\/pages"}],"about":[{"href":"https:\/\/andtropia.com\/en\/wp-json\/wp\/v2\/types\/page"}],"author":[{"embeddable":true,"href":"https:\/\/andtropia.com\/en\/wp-json\/wp\/v2\/users\/1"}],"replies":[{"embeddable":true,"href":"https:\/\/andtropia.com\/en\/wp-json\/wp\/v2\/comments?post=842"}],"version-history":[{"count":55,"href":"https:\/\/andtropia.com\/en\/wp-json\/wp\/v2\/pages\/842\/revisions"}],"predecessor-version":[{"id":1600,"href":"https:\/\/andtropia.com\/en\/wp-json\/wp\/v2\/pages\/842\/revisions\/1600"}],"wp:attachment":[{"href":"https:\/\/andtropia.com\/en\/wp-json\/wp\/v2\/media?parent=842"}],"curies":[{"name":"wp","href":"https:\/\/api.w.org\/{rel}","templated":true}]}}