{"id":1015,"date":"2021-05-04T12:58:46","date_gmt":"2021-05-04T12:58:46","guid":{"rendered":"https:\/\/andtropia.com\/?page_id=1015"},"modified":"2021-05-04T13:25:56","modified_gmt":"2021-05-04T13:25:56","slug":"medi-ambient","status":"publish","type":"page","link":"https:\/\/andtropia.com\/es\/medi-ambient\/","title":{"rendered":"Medio Ambiente"},"content":{"rendered":"<div data-elementor-type=\"wp-page\" data-elementor-id=\"1015\" class=\"elementor elementor-1015\" data-elementor-post-type=\"page\">\n\t\t\t\t\t\t<section class=\"elementor-section elementor-top-section elementor-element elementor-element-8b75bb4 elementor-section-boxed elementor-section-height-default elementor-section-height-default\" data-id=\"8b75bb4\" data-element_type=\"section\" data-e-type=\"section\">\n\t\t\t\t\t\t<div class=\"elementor-container elementor-column-gap-default\">\n\t\t\t\t\t<div class=\"elementor-column elementor-col-100 elementor-top-column elementor-element elementor-element-a56651b\" data-id=\"a56651b\" data-element_type=\"column\" data-e-type=\"column\">\n\t\t\t<div class=\"elementor-widget-wrap elementor-element-populated\">\n\t\t\t\t\t\t<div class=\"elementor-element elementor-element-0157045 elementor-headline--style-highlight elementor-widget elementor-widget-animated-headline\" data-id=\"0157045\" data-element_type=\"widget\" data-e-type=\"widget\" data-settings=\"{&quot;marker&quot;:&quot;underline_zigzag&quot;,&quot;highlighted_text&quot;:&quot;Medi Ambient&quot;,&quot;headline_style&quot;:&quot;highlight&quot;,&quot;loop&quot;:&quot;yes&quot;,&quot;highlight_animation_duration&quot;:1200,&quot;highlight_iteration_delay&quot;:8000}\" data-widget_type=\"animated-headline.default\">\n\t\t\t\t<div class=\"elementor-widget-container\">\n\t\t\t\t\t\t\t<h1 class=\"elementor-headline\">\n\t\t\t\t<span class=\"elementor-headline-dynamic-wrapper elementor-headline-text-wrapper\">\n\t\t\t\t\t<span class=\"elementor-headline-dynamic-text elementor-headline-text-active\">Medio Ambiente<\/span>\n\t\t\t\t<\/span>\n\t\t\t\t<\/h1>\n\t\t\t\t\t\t<\/div>\n\t\t\t\t<\/div>\n\t\t\t\t\t<\/div>\n\t\t<\/div>\n\t\t\t\t\t<\/div>\n\t\t<\/section>\n\t\t\t\t<section class=\"elementor-section elementor-top-section elementor-element elementor-element-0e14074 elementor-section-boxed elementor-section-height-default elementor-section-height-default\" data-id=\"0e14074\" data-element_type=\"section\" data-e-type=\"section\">\n\t\t\t\t\t\t<div class=\"elementor-container elementor-column-gap-default\">\n\t\t\t\t\t<div class=\"elementor-column elementor-col-50 elementor-top-column elementor-element elementor-element-c4cdd16\" data-id=\"c4cdd16\" data-element_type=\"column\" data-e-type=\"column\">\n\t\t\t<div class=\"elementor-widget-wrap elementor-element-populated\">\n\t\t\t\t\t\t<div class=\"elementor-element elementor-element-4afffd2 elementor-widget elementor-widget-image\" data-id=\"4afffd2\" data-element_type=\"widget\" data-e-type=\"widget\" data-widget_type=\"image.default\">\n\t\t\t\t<div class=\"elementor-widget-container\">\n\t\t\t\t\t\t\t\t\t\t\t\t\t\t\t<img fetchpriority=\"high\" decoding=\"async\" width=\"900\" height=\"632\" src=\"https:\/\/andtropia.com\/wp-content\/uploads\/2021\/04\/pexels-fox-1071249_BW-scaled-e1619533899947-1024x719.jpg\" class=\"attachment-large size-large wp-image-774\" alt=\"Medi Ambient\" srcset=\"https:\/\/andtropia.com\/wp-content\/uploads\/2021\/04\/pexels-fox-1071249_BW-scaled-e1619533899947-1024x719.jpg 1024w, https:\/\/andtropia.com\/wp-content\/uploads\/2021\/04\/pexels-fox-1071249_BW-scaled-e1619533899947-300x211.jpg 300w, https:\/\/andtropia.com\/wp-content\/uploads\/2021\/04\/pexels-fox-1071249_BW-scaled-e1619533899947-768x539.jpg 768w, https:\/\/andtropia.com\/wp-content\/uploads\/2021\/04\/pexels-fox-1071249_BW-scaled-e1619533899947-1536x1079.jpg 1536w, https:\/\/andtropia.com\/wp-content\/uploads\/2021\/04\/pexels-fox-1071249_BW-scaled-e1619533899947-2048x1438.jpg 2048w, https:\/\/andtropia.com\/wp-content\/uploads\/2021\/04\/pexels-fox-1071249_BW-scaled-e1619533899947-1568x1101.jpg 1568w\" sizes=\"(max-width: 900px) 100vw, 900px\" \/>\t\t\t\t\t\t\t\t\t\t\t\t\t\t\t<\/div>\n\t\t\t\t<\/div>\n\t\t\t\t\t<\/div>\n\t\t<\/div>\n\t\t\t\t<div class=\"elementor-column elementor-col-50 elementor-top-column elementor-element elementor-element-db95a02\" data-id=\"db95a02\" data-element_type=\"column\" data-e-type=\"column\">\n\t\t\t<div class=\"elementor-widget-wrap elementor-element-populated\">\n\t\t\t\t\t\t<div class=\"elementor-element elementor-element-7fa7ba9 elementor-widget elementor-widget-text-editor\" data-id=\"7fa7ba9\" data-element_type=\"widget\" data-e-type=\"widget\" data-widget_type=\"text-editor.default\">\n\t\t\t\t<div class=\"elementor-widget-container\">\n\t\t\t\t\t\t\t\t\t<div class=\"page\" title=\"Page 4\"><div class=\"section\"><div class=\"layoutArea\"><div class=\"column\"><ul><li>La lucha contra el cambio clim\u00e1tico y la preservaci\u00f3n del medio ambiente, incluidas la fauna y la flora, es una de nuestras prioridades. Y los proyectos con ese objetivo no pod\u00edan faltar.<\/li><li><p>Desde refugios de animales para su cuidado pero tambi\u00e9n para su preservaci\u00f3n a proyectos de reforestaci\u00f3n pasando por acciones que promueven la econom\u00eda circular y las 3 Rs (Reducir, Reclicar, Reutilizar) est\u00e1n incluidas en nuestra cartera.<\/p><\/li><li><p>Todos los proyectos est\u00e1n liderados por entidades expertas en la conservaci\u00f3n del medio ambiente y en l\u00ednea con los Objetivos de Desarrollo Sostenible.<\/p><\/li><\/ul><\/div><\/div><\/div><\/div>\t\t\t\t\t\t\t\t<\/div>\n\t\t\t\t<\/div>\n\t\t\t\t\t<\/div>\n\t\t<\/div>\n\t\t\t\t\t<\/div>\n\t\t<\/section>\n\t\t\t\t<\/div>","protected":false},"excerpt":{"rendered":"<p>Medio ambiente La lucha contra el cambio clim\u00e1tico y la preservaci\u00f3n del medio ambiente, incluidas la fauna y la flora, es una de nuestras prioridades. Y los proyectos con ese objetivo no pod\u00edan faltar. Desde refugios de animales para su cuidado pero tambi\u00e9n para su preservaci\u00f3n a proyectos de reforestaci\u00f3n\u2026 <a title=\"Medio Ambiente\" class=\"read-more\" href=\"https:\/\/andtropia.com\/es\/medi-ambient\/\" aria-label=\"Leer m\u00e1s sobre Medio Ambiente\">Leer m\u00e1s<\/a><\/p>","protected":false},"author":1,"featured_media":0,"parent":0,"menu_order":0,"comment_status":"closed","ping_status":"closed","template":"elementor_header_footer","meta":{"footnotes":""},"class_list":["post-1015","page","type-page","status-publish"],"_links":{"self":[{"href":"https:\/\/andtropia.com\/es\/wp-json\/wp\/v2\/pages\/1015","targetHints":{"allow":["GET"]}}],"collection":[{"href":"https:\/\/andtropia.com\/es\/wp-json\/wp\/v2\/pages"}],"about":[{"href":"https:\/\/andtropia.com\/es\/wp-json\/wp\/v2\/types\/page"}],"author":[{"embeddable":true,"href":"https:\/\/andtropia.com\/es\/wp-json\/wp\/v2\/users\/1"}],"replies":[{"embeddable":true,"href":"https:\/\/andtropia.com\/es\/wp-json\/wp\/v2\/comments?post=1015"}],"version-history":[{"count":16,"href":"https:\/\/andtropia.com\/es\/wp-json\/wp\/v2\/pages\/1015\/revisions"}],"predecessor-version":[{"id":1046,"href":"https:\/\/andtropia.com\/es\/wp-json\/wp\/v2\/pages\/1015\/revisions\/1046"}],"wp:attachment":[{"href":"https:\/\/andtropia.com\/es\/wp-json\/wp\/v2\/media?parent=1015"}],"curies":[{"name":"wp","href":"https:\/\/api.w.org\/{rel}","templated":true}]}}