{"id":575,"date":"2024-10-11T08:52:02","date_gmt":"2024-10-11T08:52:02","guid":{"rendered":"https:\/\/andtropia.com\/?page_id=575"},"modified":"2024-10-11T09:22:33","modified_gmt":"2024-10-11T09:22:33","slug":"politica-de-cookies","status":"publish","type":"page","link":"https:\/\/andtropia.com\/es\/politica-de-cookies\/","title":{"rendered":"Pol\u00edtica de Cookies"},"content":{"rendered":"<div data-elementor-type=\"wp-page\" data-elementor-id=\"575\" class=\"elementor elementor-575\" data-elementor-post-type=\"page\">\n\t\t\t\t\t\t<section class=\"elementor-section elementor-top-section elementor-element elementor-element-7979eadc elementor-section-boxed elementor-section-height-default elementor-section-height-default\" data-id=\"7979eadc\" data-element_type=\"section\" data-e-type=\"section\">\n\t\t\t\t\t\t<div class=\"elementor-container elementor-column-gap-default\">\n\t\t\t\t\t<div class=\"elementor-column elementor-col-100 elementor-top-column elementor-element elementor-element-78737167\" data-id=\"78737167\" data-element_type=\"column\" data-e-type=\"column\">\n\t\t\t<div class=\"elementor-widget-wrap elementor-element-populated\">\n\t\t\t\t\t\t<div class=\"elementor-element elementor-element-4a2fb12f elementor-widget elementor-widget-text-editor\" data-id=\"4a2fb12f\" data-element_type=\"widget\" data-e-type=\"widget\" data-widget_type=\"text-editor.default\">\n\t\t\t\t<div class=\"elementor-widget-container\">\n\t\t\t\t\t\t\t\t\t\n<h2 class=\"wp-block-heading\">Pol\u00edtica de Cookies<\/h2>\n\n<p><strong><em>ANDTROPIA<\/em><\/strong> en el seu lloc web <a href=\"https:\/\/andtropia.com\/es\/\">https:\/\/andtropia.com\/<\/a> , utilitza cookies pr\u00f2pies o b\u00e9 d\u2019empreses col\u00b7laboradores amb l\u2019objecte de millorar i optimitzar l\u2019experi\u00e8ncia d\u2019usuari.<\/p>\n<p>Per tal que siguin recollides n\u2019\u00e9s necessari el consentiment.<\/p>\n<p><strong>Qu\u00e8 s\u00f3n les cookies? <\/strong><\/p>\n<p>Les cookies s\u00f3n un tipus de fitxer que es descarrega a l\u2019equip d\u2019un usuari\/client del web amb la finalitat de recollir dades que podran ser actualitzades i recuperades per l\u2019entitat responsable de la instal\u00b7laci\u00f3.<\/p>\n<p><strong>Tipus de cookies<\/strong><\/p>\n<p>Les cookies es poden classificar:<\/p>\n<p><strong>Segons la seva finalitat:<\/strong><\/p>\n<ul>\n<li>Cookies t\u00e8cniques o estrictament necess\u00e0ries: aquestes cookies s\u00f3n essencials perqu\u00e8 els usuaris naveguin pel lloc web i n\u2019utilitzin les funcions.<\/li>\n<li>Cookies de prefer\u00e8ncies: tamb\u00e9 conegudes com a &#8220;cookies de funcionalitat&#8221;, aquestes permeten que un lloc web recordi les eleccions que ha fet l\u2019usuari en el passat, com ara quin idioma prefereix, de quina regi\u00f3 li agraden els informes meteorol\u00f2gics o quin \u00e9s el seu nom d&#8217;usuari i contrasenya per tal d\u2019iniciar sessi\u00f3 autom\u00e0ticament.<\/li>\n<li>Cookies d&#8217;estad\u00edstiques: tamb\u00e9 conegudes com a &#8220;cookies de rendiment&#8221;, aquestes cookies recullen informaci\u00f3 sobre com l\u2019usuari fa servir un lloc web o una app. Les dades recopilades s\u00f3n agregades i per tant an\u00f2nimes, sempre i quan siguin d&#8217;\u00fas exclusiu del propietari del lloc web visitat.<\/li>\n<li>Cookies publicit\u00e0ries o de m\u00e0rqueting: aquestes cookies fan un seguiment de l\u2019activitat en l\u00ednia de l\u2019usuari per ajudar els anunciants a oferir la publicitat m\u00e9s rellevant o per limitar el nombre de vegades que es veu un anunci. Aquestes galetes poden compartir aquesta informaci\u00f3 amb altres organitzacions o anunciants. Es tracta de cookies persistents i gaireb\u00e9 sempre de proced\u00e8ncia de tercers.<\/li>\n<\/ul>\n<p><strong>Segons el temps que perduren:<\/strong><\/p>\n<ul>\n<li>Cookies de sessi\u00f3: aquestes cookies estan dissenyades per a recollir dades i emmagatzemar-les mentre l\u2019usuari navega per la plana web. Caduquen un cop l\u2019usuari tanca el navegador o un cop finalitza la sessi\u00f3.<\/li>\n<li>Cookies persistents: aquesta categoria inclou totes les cookies que romanen al disc dur de l\u2019usuari fins que les esborra o fins que ho fa el seu navegador, depenent de la data de caducitat de la cookie. Totes les cookies persistents tenen una data de caducitat escrita al codi, per\u00f2 la durada pot variar (algunes fins i tot podrien romandre al dispositiu de l\u2019usuari m\u00e9s temps si no fa cap acci\u00f3 positiva per esborrar-les). Mentre una cookie no caduqui, les dades recollides poden ser consultades i tractades pel responsable o per tercers.<\/li>\n<\/ul>\n<p><strong>Segons la proced\u00e8ncia<\/strong><\/p>\n<ul>\n<li>Cookies pr\u00f2pies: s\u00f3n aquelles que s\u2019envien al dispositiu terminal de l\u2019usuari des d\u2019un altre dispositiu o domini gestionat per l\u2019editor\/responsable i des del qual es presta un servei sol\u00b7licitat per l\u2019usuari. \u00c9s a dir, com el seu nom indica, les cookies pr\u00f2pies es col\u00b7loquen al dispositiu de l\u2019usuari directament pel lloc web que visita.<\/li>\n<li>Cookies de tercers: s\u00f3n les que s\u2019envien a l\u2019usuari des d\u2019un dispositiu o domini que no \u00e9s gestionat per l\u2019editor\/responsable, sin\u00f3 per un tercer que tracta les dades obtingudes a trav\u00e9s de les cookies.<\/li>\n<\/ul>\n<p><strong>Xarxes socials<\/strong><\/p>\n<p>En la nostra web hem incl\u00f2s contingut de Linkedin i Instagram \u00a0que est\u00e0 incrustat amb codi derivat de Linkedin i Instagram i guarda cookies. Aquest contingut podria processar una certa informaci\u00f3 per a anuncis personalitzats.<\/p>\n<p>Si us plau llegeixi la pol\u00edtica de privacitat d&#8217;aquestes xarxes socials (que pot canviar sovint) per a saber qu\u00e8 fan amb les seves dades (personals) que processen usant aquestes cookies. Les dades que reben s\u00f3n anonimitzades el m\u00e0xim possible. Linkedin i Instagram estan situats als Estats Units.<\/p>\n<p><strong>Cookies utilitzades en aquest lloc web <\/strong><\/p>\n<p><strong><em>ANDTROPIA<\/em><\/strong> utilitza cookies principalment per a les q\u00fcestions seg\u00fcents:<\/p>\n<ul>\n<li>Assegurar el funcionament correcte del lloc web de <strong><em>ANDTROPIA<\/em><\/strong>.<\/li>\n<li>Emmagatzemar temporalment la informaci\u00f3 relativa a les prefer\u00e8ncies de l\u2019usuari.<\/li>\n<li>Recollir informaci\u00f3 estad\u00edstica, amb l\u2019objecte de millorar l\u2019experi\u00e8ncia en el lloc web.<\/li>\n<\/ul>\n<p>La utilitzaci\u00f3 de les cookies per part de <strong><em>ANDTROPIA<\/em><\/strong> es deu al prop\u00f2sit d\u2019intentar optimitzar la informaci\u00f3 i els serveis oferts als usuaris, per millorar l\u2019experi\u00e8ncia cada cop que s\u2019utilitzen els serveis web.<\/p>\n<p>Les cookies emprades per <strong><em>ANDTROPIA<\/em><\/strong> s\u00f3n les seg\u00fcents:<\/p>\n<table>\n<tbody>\n<tr>\n<td width=\"92\">\n<p>Nom de la cookie<\/p>\n<\/td>\n<td width=\"138\">\n<p>Finalitat<\/p>\n<p>\u00a0<\/p>\n<\/td>\n<td width=\"108\">\n<p>Responsable<\/p>\n<\/td>\n<td width=\"142\">\n<p>Durada conservaci\u00f3\/ caducitat<\/p>\n<\/td>\n<td width=\"97\">\n<p>Destinataris<\/p>\n<\/td>\n<\/tr>\n<tr>\n<td width=\"92\">\n<p>_ga<\/p>\n<\/td>\n<td width=\"138\">\n<p>An\u00e0lisi de l\u2019activitat dins del lloc web i enviament<\/p>\n<\/td>\n<td width=\"108\">\n<p>Google Analytics<\/p>\n<\/td>\n<td width=\"142\">\n<p>2 anys<\/p>\n<\/td>\n<td width=\"97\">\n<p>Usuaris web<\/p>\n<\/td>\n<\/tr>\n<\/tbody>\n<\/table>\n<p>\u00a0<\/p>\n<p><strong>Configuraci\u00f3 de les cookies<\/strong><\/p>\n<p>D\u2019acord amb la normativa vigent, <strong><em>ANDTROPIA<\/em><\/strong> sol\u00b7licita el seu perm\u00eds per realitzar la gesti\u00f3 de cookies. La base jur\u00eddica del tractament \u00e9s el vostre consentiment per a l\u2019\u00fas de cookies al domini <a href=\"https:\/\/andtropia.com\/es\/\">https:\/\/andtropia.com\/<\/a>.<\/p>\n<p>Pot configurar les cookies des de la plataforma de gesti\u00f3 del consentiment clicant en aquest enlla\u00e7 Configuraci\u00f3 de Cookies.<\/p>\n<p>A m\u00e9s a m\u00e9s, podr\u00e0 realitzar la corresponent modificaci\u00f3 a trav\u00e9s dels par\u00e0metres de configuraci\u00f3 del seu navegador web. At\u00e8s que el procediment pot diferir en cada navegador web, li proporcionem la relaci\u00f3 dels principals navegadors web del mercat:<\/p>\n<ul>\n<li>Microsoft <a href=\"http:\/\/windows.microsoft.com\/es-es\/windows-vista\/block-or-allow-cookies\" target=\"_blank\" rel=\"noopener\">http:\/\/windows.microsoft.com\/es-es\/windows-vista\/block-or-allow-cookies<\/a><\/li>\n<li>Safari <a href=\"http:\/\/support.apple.com\/kb\/HT1677?viewlocale=es_ES\" target=\"_blank\" rel=\"noopener\">http:\/\/support.apple.com\/kb\/HT1677?viewlocale=es_ES<\/a><\/li>\n<li>Google Chrome <a href=\"https:\/\/support.google.com\/chrome\/answer\/95647?hl=es\" target=\"_blank\" rel=\"noopener\">https:\/\/support.google.com\/chrome\/answer\/95647?hl=es<\/a><\/li>\n<li>Firefox <a href=\"http:\/\/support.mozilla.org\/es\/kb\/habilitar-y-deshabilitar-cookies-que-lossitios-we\" target=\"_blank\" rel=\"noopener\">http:\/\/support.mozilla.org\/es\/kb\/habilitar-y-deshabilitar-cookies-que-lossitios-we<\/a><\/li>\n<\/ul>\n<p><strong>Revisi\u00f3 de la pol\u00edtica de cookies <\/strong><\/p>\n<p><strong><em>ANDTROPIA<\/em><\/strong> podr\u00e0 modificar aquesta pol\u00edtica de cookies per adequar-la a les cookies que utilitza, aix\u00ed com en funci\u00f3 de noves exig\u00e8ncies legislatives, reglament\u00e0ries, o amb la finalitat d\u2019adaptar aquesta pol\u00edtica a les instruccions dictades per l\u2019Ag\u00e8ncia Andorrana de Protecci\u00f3 de Dades (APDA).<\/p>\n<p>Ni aquesta web ni els seus representants legals es fan responsables ni del contingut ni de la veracitat de les pol\u00edtiques de privacitat que puguin tenir els\u00a0 tercers esmentats en aquesta pol\u00edtica de cookies.<\/p>\n<p>Els navegadors web s\u00f3n les eines encarregades d\u2019emmagatzemar les cookies i des d\u2019aquest lloc ha d\u2019efectuar el seu dret a eliminaci\u00f3 o desactivaci\u00f3 de les mateixes. Ni aquesta web ni els seus representants legals poden garantir la correcta o incorrecta manipulaci\u00f3 de les cookies per part d\u2019aquests navegadors.<\/p>\n<p>Per a m\u00e9s informaci\u00f3 sobre quin \u00fas fem de les cookies, pot enviar-nos un correu electr\u00f2nic a <a href=\"mailto:marta@andtropia.com\">marta@andtropia.com<\/a><\/p>\n\t\t\t\t\t\t\t\t<\/div>\n\t\t\t\t<\/div>\n\t\t\t\t\t<\/div>\n\t\t<\/div>\n\t\t\t\t\t<\/div>\n\t\t<\/section>\n\t\t\t\t<\/div>","protected":false},"excerpt":{"rendered":"<p>Pol\u00edtica de Cookies ANDTROPIA en el seu lloc web https:\/\/andtropia.com\/ , utilitza cookies pr\u00f2pies o b\u00e9 d\u2019empreses col\u00b7laboradores amb l\u2019objecte de millorar i optimitzar l\u2019experi\u00e8ncia d\u2019usuari. Per tal que siguin recollides n\u2019\u00e9s necessari el consentiment. Qu\u00e8 s\u00f3n les cookies? Les cookies s\u00f3n un tipus de fitxer que es descarrega a l\u2019equip d\u2019un usuari\/client del web &#8230; <a title=\"Pol\u00edtica de Cookies\" class=\"read-more\" href=\"https:\/\/andtropia.com\/es\/politica-de-cookies\/\" aria-label=\"Leer m\u00e1s sobre Pol\u00edtica de Cookies\">Leer m\u00e1s<\/a><\/p>","protected":false},"author":1,"featured_media":0,"parent":0,"menu_order":0,"comment_status":"closed","ping_status":"closed","template":"elementor_header_footer","meta":{"footnotes":""},"class_list":["post-575","page","type-page","status-publish"],"_links":{"self":[{"href":"https:\/\/andtropia.com\/es\/wp-json\/wp\/v2\/pages\/575","targetHints":{"allow":["GET"]}}],"collection":[{"href":"https:\/\/andtropia.com\/es\/wp-json\/wp\/v2\/pages"}],"about":[{"href":"https:\/\/andtropia.com\/es\/wp-json\/wp\/v2\/types\/page"}],"author":[{"embeddable":true,"href":"https:\/\/andtropia.com\/es\/wp-json\/wp\/v2\/users\/1"}],"replies":[{"embeddable":true,"href":"https:\/\/andtropia.com\/es\/wp-json\/wp\/v2\/comments?post=575"}],"version-history":[{"count":7,"href":"https:\/\/andtropia.com\/es\/wp-json\/wp\/v2\/pages\/575\/revisions"}],"predecessor-version":[{"id":1574,"href":"https:\/\/andtropia.com\/es\/wp-json\/wp\/v2\/pages\/575\/revisions\/1574"}],"wp:attachment":[{"href":"https:\/\/andtropia.com\/es\/wp-json\/wp\/v2\/media?parent=575"}],"curies":[{"name":"wp","href":"https:\/\/api.w.org\/{rel}","templated":true}]}}