{"id":937,"date":"2021-05-03T18:28:30","date_gmt":"2021-05-03T18:28:30","guid":{"rendered":"https:\/\/andtropia.com\/?page_id=937"},"modified":"2021-05-04T13:26:59","modified_gmt":"2021-05-04T13:26:59","slug":"col%c2%b7lectius-vulnerables","status":"publish","type":"page","link":"https:\/\/andtropia.com\/es\/col%c2%b7lectius-vulnerables\/","title":{"rendered":"Colectivos vulnerables"},"content":{"rendered":"<div data-elementor-type=\"wp-page\" data-elementor-id=\"937\" class=\"elementor elementor-937\" data-elementor-post-type=\"page\">\n\t\t\t\t\t\t<section class=\"elementor-section elementor-top-section elementor-element elementor-element-70bd4c3 elementor-section-boxed elementor-section-height-default elementor-section-height-default\" data-id=\"70bd4c3\" data-element_type=\"section\" data-e-type=\"section\">\n\t\t\t\t\t\t<div class=\"elementor-container elementor-column-gap-default\">\n\t\t\t\t\t<div class=\"elementor-column elementor-col-100 elementor-top-column elementor-element elementor-element-de18565\" data-id=\"de18565\" data-element_type=\"column\" data-e-type=\"column\">\n\t\t\t<div class=\"elementor-widget-wrap elementor-element-populated\">\n\t\t\t\t\t\t<div class=\"elementor-element elementor-element-02c0e55 elementor-headline--style-highlight elementor-widget elementor-widget-animated-headline\" data-id=\"02c0e55\" data-element_type=\"widget\" data-e-type=\"widget\" data-settings=\"{&quot;marker&quot;:&quot;underline_zigzag&quot;,&quot;highlighted_text&quot;:&quot;Col\\u00b7lectius vulnerables&quot;,&quot;headline_style&quot;:&quot;highlight&quot;,&quot;highlight_animation_duration&quot;:1200}\" data-widget_type=\"animated-headline.default\">\n\t\t\t\t<div class=\"elementor-widget-container\">\n\t\t\t\t\t\t\t<h1 class=\"elementor-headline\">\n\t\t\t\t<span class=\"elementor-headline-dynamic-wrapper elementor-headline-text-wrapper\">\n\t\t\t\t\t<span class=\"elementor-headline-dynamic-text elementor-headline-text-active\">Colectivos vulnerables<\/span>\n\t\t\t\t<\/span>\n\t\t\t\t<\/h1>\n\t\t\t\t\t\t<\/div>\n\t\t\t\t<\/div>\n\t\t\t\t\t<\/div>\n\t\t<\/div>\n\t\t\t\t\t<\/div>\n\t\t<\/section>\n\t\t\t\t<section class=\"elementor-section elementor-top-section elementor-element elementor-element-622df42 elementor-section-boxed elementor-section-height-default elementor-section-height-default\" data-id=\"622df42\" data-element_type=\"section\" data-e-type=\"section\">\n\t\t\t\t\t\t<div class=\"elementor-container elementor-column-gap-default\">\n\t\t\t\t\t<div class=\"elementor-column elementor-col-50 elementor-top-column elementor-element elementor-element-616fd60\" data-id=\"616fd60\" data-element_type=\"column\" data-e-type=\"column\">\n\t\t\t<div class=\"elementor-widget-wrap elementor-element-populated\">\n\t\t\t\t\t\t<div class=\"elementor-element elementor-element-8f1aead elementor-widget elementor-widget-image\" data-id=\"8f1aead\" data-element_type=\"widget\" data-e-type=\"widget\" data-widget_type=\"image.default\">\n\t\t\t\t<div class=\"elementor-widget-container\">\n\t\t\t\t\t\t\t\t\t\t\t\t\t\t\t<img fetchpriority=\"high\" decoding=\"async\" width=\"900\" height=\"600\" src=\"https:\/\/andtropia.com\/wp-content\/uploads\/2021\/05\/pexels-marcus-aurelius-4064337-BW-1-1024x683.jpg\" class=\"attachment-large size-large wp-image-1008\" alt=\"Col\u00b7lectius vulnerables\" srcset=\"https:\/\/andtropia.com\/wp-content\/uploads\/2021\/05\/pexels-marcus-aurelius-4064337-BW-1-1024x683.jpg 1024w, https:\/\/andtropia.com\/wp-content\/uploads\/2021\/05\/pexels-marcus-aurelius-4064337-BW-1-300x200.jpg 300w, https:\/\/andtropia.com\/wp-content\/uploads\/2021\/05\/pexels-marcus-aurelius-4064337-BW-1-768x512.jpg 768w, https:\/\/andtropia.com\/wp-content\/uploads\/2021\/05\/pexels-marcus-aurelius-4064337-BW-1-1536x1024.jpg 1536w, https:\/\/andtropia.com\/wp-content\/uploads\/2021\/05\/pexels-marcus-aurelius-4064337-BW-1-2048x1365.jpg 2048w, https:\/\/andtropia.com\/wp-content\/uploads\/2021\/05\/pexels-marcus-aurelius-4064337-BW-1-1568x1045.jpg 1568w\" sizes=\"(max-width: 900px) 100vw, 900px\" \/>\t\t\t\t\t\t\t\t\t\t\t\t\t\t\t<\/div>\n\t\t\t\t<\/div>\n\t\t\t\t\t<\/div>\n\t\t<\/div>\n\t\t\t\t<div class=\"elementor-column elementor-col-50 elementor-top-column elementor-element elementor-element-844dad0\" data-id=\"844dad0\" data-element_type=\"column\" data-e-type=\"column\">\n\t\t\t<div class=\"elementor-widget-wrap elementor-element-populated\">\n\t\t\t\t\t\t<div class=\"elementor-element elementor-element-c815183 elementor-widget elementor-widget-text-editor\" data-id=\"c815183\" data-element_type=\"widget\" data-e-type=\"widget\" data-widget_type=\"text-editor.default\">\n\t\t\t\t<div class=\"elementor-widget-container\">\n\t\t\t\t\t\t\t\t\t<ul><li>Nuestros proyectos en favor de los colectivos m\u00e1s vulnerables tienen en com\u00fan que quieren mejorar la vida de sus beneficiarios. Desde dar una oportunidad de futuro a los ni\u00f1os a apoderar a las mujeres para que tengan un trabajo digno, pasando para que las personas con discapacidad tengan un acceso equitativo e inclusi\u00f3n a la sociedad hasta proteger y apoyar a los migrados y refugiados.<\/li><li>Todos ellos est\u00e1n liderados por ONG y entidades que han demostrado resultados con impacto social, con transparencia, rigor e implicaci\u00f3n de sus equipos y tambi\u00e9n de la propia comunidad beneficiaria del proyecto.<\/li><\/ul>\t\t\t\t\t\t\t\t<\/div>\n\t\t\t\t<\/div>\n\t\t\t\t\t<\/div>\n\t\t<\/div>\n\t\t\t\t\t<\/div>\n\t\t<\/section>\n\t\t\t\t<\/div>","protected":false},"excerpt":{"rendered":"<p>Colectivos vulnerables Nuestros proyectos en favor de los colectivos m\u00e1s vulnerables tienen en com\u00fan que quieren mejorar la vida de sus beneficiarios. Desde dar una oportunidad de futuro a los ni\u00f1os a apoderar a las mujeres para que tengan un trabajo digno, pasando para que las personas con discapacidad tengan un acceso equitativo\u2026 <a title=\"Colectivos vulnerables\" class=\"read-more\" href=\"https:\/\/andtropia.com\/es\/col%c2%b7lectius-vulnerables\/\" aria-label=\"Leer m\u00e1s sobre Colectivos vulnerables\">Leer m\u00e1s<\/a><\/p>","protected":false},"author":1,"featured_media":0,"parent":0,"menu_order":0,"comment_status":"closed","ping_status":"closed","template":"elementor_header_footer","meta":{"footnotes":""},"class_list":["post-937","page","type-page","status-publish"],"_links":{"self":[{"href":"https:\/\/andtropia.com\/es\/wp-json\/wp\/v2\/pages\/937","targetHints":{"allow":["GET"]}}],"collection":[{"href":"https:\/\/andtropia.com\/es\/wp-json\/wp\/v2\/pages"}],"about":[{"href":"https:\/\/andtropia.com\/es\/wp-json\/wp\/v2\/types\/page"}],"author":[{"embeddable":true,"href":"https:\/\/andtropia.com\/es\/wp-json\/wp\/v2\/users\/1"}],"replies":[{"embeddable":true,"href":"https:\/\/andtropia.com\/es\/wp-json\/wp\/v2\/comments?post=937"}],"version-history":[{"count":25,"href":"https:\/\/andtropia.com\/es\/wp-json\/wp\/v2\/pages\/937\/revisions"}],"predecessor-version":[{"id":1049,"href":"https:\/\/andtropia.com\/es\/wp-json\/wp\/v2\/pages\/937\/revisions\/1049"}],"wp:attachment":[{"href":"https:\/\/andtropia.com\/es\/wp-json\/wp\/v2\/media?parent=937"}],"curies":[{"name":"wp","href":"https:\/\/api.w.org\/{rel}","templated":true}]}}