{"id":1027,"date":"2021-05-04T13:10:58","date_gmt":"2021-05-04T13:10:58","guid":{"rendered":"https:\/\/andtropia.com\/?page_id=1027"},"modified":"2021-05-04T13:23:43","modified_gmt":"2021-05-04T13:23:43","slug":"recerca-medica","status":"publish","type":"page","link":"https:\/\/andtropia.com\/fr\/recerca-medica\/","title":{"rendered":"Recherche m\u00e9dicale"},"content":{"rendered":"<div data-elementor-type=\"wp-page\" data-elementor-id=\"1027\" class=\"elementor elementor-1027\" data-elementor-post-type=\"page\">\n\t\t\t\t\t\t<section class=\"elementor-section elementor-top-section elementor-element elementor-element-0d9cc6f elementor-section-boxed elementor-section-height-default elementor-section-height-default\" data-id=\"0d9cc6f\" data-element_type=\"section\" data-e-type=\"section\">\n\t\t\t\t\t\t<div class=\"elementor-container elementor-column-gap-default\">\n\t\t\t\t\t<div class=\"elementor-column elementor-col-100 elementor-top-column elementor-element elementor-element-056bf3a\" data-id=\"056bf3a\" data-element_type=\"column\" data-e-type=\"column\">\n\t\t\t<div class=\"elementor-widget-wrap elementor-element-populated\">\n\t\t\t\t\t\t<div class=\"elementor-element elementor-element-0107a01 elementor-headline--style-highlight elementor-widget elementor-widget-animated-headline\" data-id=\"0107a01\" data-element_type=\"widget\" data-e-type=\"widget\" data-settings=\"{&quot;marker&quot;:&quot;underline_zigzag&quot;,&quot;highlighted_text&quot;:&quot;Recerca M\\u00e8dica&quot;,&quot;headline_style&quot;:&quot;highlight&quot;,&quot;loop&quot;:&quot;yes&quot;,&quot;highlight_animation_duration&quot;:1200,&quot;highlight_iteration_delay&quot;:8000}\" data-widget_type=\"animated-headline.default\">\n\t\t\t\t<div class=\"elementor-widget-container\">\n\t\t\t\t\t\t\t<h1 class=\"elementor-headline\">\n\t\t\t\t<span class=\"elementor-headline-dynamic-wrapper elementor-headline-text-wrapper\">\n\t\t\t\t\t<span class=\"elementor-headline-dynamic-text elementor-headline-text-active\">Recherche m\u00e9dicale<\/span>\n\t\t\t\t<\/span>\n\t\t\t\t<\/h1>\n\t\t\t\t\t\t<\/div>\n\t\t\t\t<\/div>\n\t\t\t\t\t<\/div>\n\t\t<\/div>\n\t\t\t\t\t<\/div>\n\t\t<\/section>\n\t\t\t\t<section class=\"elementor-section elementor-top-section elementor-element elementor-element-0498ba3 elementor-section-boxed elementor-section-height-default elementor-section-height-default\" data-id=\"0498ba3\" data-element_type=\"section\" data-e-type=\"section\">\n\t\t\t\t\t\t<div class=\"elementor-container elementor-column-gap-default\">\n\t\t\t\t\t<div class=\"elementor-column elementor-col-50 elementor-top-column elementor-element elementor-element-a442294\" data-id=\"a442294\" data-element_type=\"column\" data-e-type=\"column\">\n\t\t\t<div class=\"elementor-widget-wrap elementor-element-populated\">\n\t\t\t\t\t\t<div class=\"elementor-element elementor-element-26d19a9 elementor-widget elementor-widget-image\" data-id=\"26d19a9\" data-element_type=\"widget\" data-e-type=\"widget\" data-widget_type=\"image.default\">\n\t\t\t\t<div class=\"elementor-widget-container\">\n\t\t\t\t\t\t\t\t\t\t\t\t\t\t\t<img fetchpriority=\"high\" decoding=\"async\" width=\"900\" height=\"600\" src=\"https:\/\/andtropia.com\/wp-content\/uploads\/2021\/05\/medical-563427_1920-Darko-Stojanovic-en-Pixabay_BW-1024x683.jpg\" class=\"attachment-large size-large wp-image-914\" alt=\"Recerca M\u00e8dica\" srcset=\"https:\/\/andtropia.com\/wp-content\/uploads\/2021\/05\/medical-563427_1920-Darko-Stojanovic-en-Pixabay_BW-1024x683.jpg 1024w, https:\/\/andtropia.com\/wp-content\/uploads\/2021\/05\/medical-563427_1920-Darko-Stojanovic-en-Pixabay_BW-300x200.jpg 300w, https:\/\/andtropia.com\/wp-content\/uploads\/2021\/05\/medical-563427_1920-Darko-Stojanovic-en-Pixabay_BW-768x512.jpg 768w, https:\/\/andtropia.com\/wp-content\/uploads\/2021\/05\/medical-563427_1920-Darko-Stojanovic-en-Pixabay_BW-1536x1024.jpg 1536w, https:\/\/andtropia.com\/wp-content\/uploads\/2021\/05\/medical-563427_1920-Darko-Stojanovic-en-Pixabay_BW-1568x1045.jpg 1568w, https:\/\/andtropia.com\/wp-content\/uploads\/2021\/05\/medical-563427_1920-Darko-Stojanovic-en-Pixabay_BW.jpg 1920w\" sizes=\"(max-width: 900px) 100vw, 900px\" \/>\t\t\t\t\t\t\t\t\t\t\t\t\t\t\t<\/div>\n\t\t\t\t<\/div>\n\t\t\t\t\t<\/div>\n\t\t<\/div>\n\t\t\t\t<div class=\"elementor-column elementor-col-50 elementor-top-column elementor-element elementor-element-cceb66d\" data-id=\"cceb66d\" data-element_type=\"column\" data-e-type=\"column\">\n\t\t\t<div class=\"elementor-widget-wrap elementor-element-populated\">\n\t\t\t\t\t\t<div class=\"elementor-element elementor-element-703373d elementor-widget elementor-widget-text-editor\" data-id=\"703373d\" data-element_type=\"widget\" data-e-type=\"widget\" data-widget_type=\"text-editor.default\">\n\t\t\t\t<div class=\"elementor-widget-container\">\n\t\t\t\t\t\t\t\t\t<div class=\"page\" title=\"Page 3\"><div class=\"section\"><div class=\"layoutArea\"><div class=\"column\"><ul><li>Nous d\u00e9fendons la recherche dans le domaine de la sant\u00e9 comme le seul moyen d&#039;am\u00e9liorer la sant\u00e9 globale et locale et parvenons \u00e0 trouver la meilleure solution et \u00e0 ouvrir la possibilit\u00e9 de gu\u00e9rir de nombreuses maladies actuellement plus courantes mais aussi pour les minorit\u00e9s qui n\u00e9cessitent plus d&#039;attention.<\/li><li>Pour cette raison, la recherche m\u00e9dicale fait partie de nos causes et nous souhaitons soutenir les meilleures \u00e9quipes de recherche, notamment ax\u00e9es sur le cancer et les maladies minoritaires qui touchent particuli\u00e8rement les enfants.<\/li><\/ul><\/div><\/div><\/div><\/div>\t\t\t\t\t\t\t\t<\/div>\n\t\t\t\t<\/div>\n\t\t\t\t\t<\/div>\n\t\t<\/div>\n\t\t\t\t\t<\/div>\n\t\t<\/section>\n\t\t\t\t<\/div>","protected":false},"excerpt":{"rendered":"<p>Recherche m\u00e9dicale Nous d\u00e9fendons la recherche dans le domaine de la sant\u00e9 comme le seul moyen d&#039;am\u00e9liorer la sant\u00e9 globale et locale et de trouver la meilleure solution et d&#039;ouvrir la possibilit\u00e9 de gu\u00e9rir de nombreuses maladies qui sont actuellement plus courantes mais aussi pour les minorit\u00e9s qui ont besoin de plus d&#039;attention Pour cette raison, les formulaires de recherche m\u00e9dicale... <a title=\"Recherche m\u00e9dicale\" class=\"read-more\" href=\"https:\/\/andtropia.com\/fr\/recerca-medica\/\" aria-label=\"En savoir plus sur Recerca M\u00e8dica\">Lire la suite<\/a><\/p>","protected":false},"author":1,"featured_media":0,"parent":0,"menu_order":0,"comment_status":"closed","ping_status":"closed","template":"elementor_header_footer","meta":{"footnotes":""},"class_list":["post-1027","page","type-page","status-publish"],"_links":{"self":[{"href":"https:\/\/andtropia.com\/fr\/wp-json\/wp\/v2\/pages\/1027","targetHints":{"allow":["GET"]}}],"collection":[{"href":"https:\/\/andtropia.com\/fr\/wp-json\/wp\/v2\/pages"}],"about":[{"href":"https:\/\/andtropia.com\/fr\/wp-json\/wp\/v2\/types\/page"}],"author":[{"embeddable":true,"href":"https:\/\/andtropia.com\/fr\/wp-json\/wp\/v2\/users\/1"}],"replies":[{"embeddable":true,"href":"https:\/\/andtropia.com\/fr\/wp-json\/wp\/v2\/comments?post=1027"}],"version-history":[{"count":7,"href":"https:\/\/andtropia.com\/fr\/wp-json\/wp\/v2\/pages\/1027\/revisions"}],"predecessor-version":[{"id":1040,"href":"https:\/\/andtropia.com\/fr\/wp-json\/wp\/v2\/pages\/1027\/revisions\/1040"}],"wp:attachment":[{"href":"https:\/\/andtropia.com\/fr\/wp-json\/wp\/v2\/media?parent=1027"}],"curies":[{"name":"wp","href":"https:\/\/api.w.org\/{rel}","templated":true}]}}