{"id":3,"date":"2024-10-11T08:52:38","date_gmt":"2024-10-11T08:52:38","guid":{"rendered":"https:\/\/andtropia.com\/?page_id=3"},"modified":"2024-10-11T09:23:11","modified_gmt":"2024-10-11T09:23:11","slug":"politica-de-privacitat","status":"publish","type":"page","link":"https:\/\/andtropia.com\/fr\/politica-de-privacitat\/","title":{"rendered":"Pol\u00edtica de Privacitat"},"content":{"rendered":"<div data-elementor-type=\"wp-page\" data-elementor-id=\"3\" class=\"elementor elementor-3\" data-elementor-post-type=\"page\">\n\t\t\t\t\t\t<section class=\"elementor-section elementor-top-section elementor-element elementor-element-4be9b3b9 elementor-section-boxed elementor-section-height-default elementor-section-height-default\" data-id=\"4be9b3b9\" data-element_type=\"section\" data-e-type=\"section\">\n\t\t\t\t\t\t<div class=\"elementor-container elementor-column-gap-default\">\n\t\t\t\t\t<div class=\"elementor-column elementor-col-100 elementor-top-column elementor-element elementor-element-2e01aad1\" data-id=\"2e01aad1\" data-element_type=\"column\" data-e-type=\"column\">\n\t\t\t<div class=\"elementor-widget-wrap elementor-element-populated\">\n\t\t\t\t\t\t<div class=\"elementor-element elementor-element-429b87b3 elementor-widget elementor-widget-text-editor\" data-id=\"429b87b3\" data-element_type=\"widget\" data-e-type=\"widget\" data-widget_type=\"text-editor.default\">\n\t\t\t\t<div class=\"elementor-widget-container\">\n\t\t\t\t\t\t\t\t\t<h2>POL\u00cdTICA DE PRIVACITAT<\/h2>\n<p><strong><em>ANDTROPIA<\/em><\/strong> es compromet a protegir la vostra privacitat i desenvolupar la tecnologia que us proporcioni l\u2019experi\u00e8ncia m\u00e9s segura a la p\u00e0gina web. Aquesta declaraci\u00f3 de privacitat \u00e9s v\u00e0lida per a la plana web <a href=\"https:\/\/andtropia.com\/fr\/\">https:\/\/andtropia.com\/<\/a> i regula la recollida i l\u2019\u00fas de dades. Acceptant les pol\u00edtiques de privacitat, consentiu a les pr\u00e0ctiques descrites en aquesta declaraci\u00f3.<\/p>\n<p><strong>Qui \u00e9s el responsable de les dades? <\/strong><\/p>\n<p>L&#8217;informem que qualsevol dada personal que vost\u00e8 faciliti a trav\u00e9s d&#8217;aquest lloc web ser\u00e0 tractat per <strong><em>ANDTROPIA<\/em><\/strong> en qualitat de responsable del tractament.<\/p>\n<p><strong><em>ANDTROPIA<\/em><\/strong> \u00e9s propietari del lloc web <a href=\"https:\/\/andtropia.com\/fr\/\">https:\/\/andtropia.com\/<\/a><\/p>\n<p><strong>Titular:<\/strong>\u00a0<strong><em>ANDTROPIA<\/em><\/strong><\/p>\n<p><strong>NRT:<\/strong>\u00a0F-025487-Z<br \/><strong>Adre\u00e7a:<\/strong> Edifici BOMOSA-ALBA , Avda. Dr. Mitjavila , 5, AD500 Andorra la Vella. \u00a0Hive Five,\u00a0 Coworking Andorra<br \/><strong>Tel\u00e8fon:<\/strong>\u00a0(+ 376) 366 126<\/p>\n<p><strong>Correu electr\u00f2nic:<\/strong>\u00a0<a href=\"mailto:marta@andtropia.com\">marta@andtropia.com<\/a><\/p>\n<p><strong>Quines dades recollim? <\/strong><\/p>\n<p>En compliment del que requereix la Llei 29\/2021, de 28 d\u2019octubre, qualificada de Protecci\u00f3 de Dades Personals (&#8220;LQDP&#8221;), i amb els reglaments que la desenvolupen, s&#8217;informa als usuaris d&#8217;aquest lloc web que les dades que es recullen s\u00f3n:<\/p>\n<ul>\n<li>Dades de navegaci\u00f3. Quan l\u2019usuari visita el nostre lloc web, rebem autom\u00e0ticament la URL del lloc del que prov\u00e9 i el lloc que visita quan abandona el nostre lloc web. Tamb\u00e9 rebem l\u2019adre\u00e7a de protocol d\u2019Internet del seu ordinador (adre\u00e7a IP) i el tipus de navegador que est\u00e0 fent servir. Utilitzem aquesta informaci\u00f3 per analitzar tend\u00e8ncies globals per millorar el servei. Aquesta informaci\u00f3 no es comparteix amb tercers sense el seu consentiment. De manera addicional, recopilem autom\u00e0ticament altres dades personals mentre l\u2019usuari navega pel lloc web, tal i com s\u2019indica a la nostra Pol\u00edtica de Cookies.<\/li>\n<li>Dades que l\u2019usuari ens facilita al posar-se en contacte amb nosaltres. Si ens escriu, o interactua amb nosaltres en el lloc web, recopilem la informaci\u00f3 que completa als nostres formularis web (incloent-hi el seu nom, cognoms, correu electr\u00f2nic, tel\u00e8fon, servei requerit) i el missatge que desitja enviar-nos.<\/li>\n<\/ul>\n<p>Totes les dades indicades sol\u00b7licitades s\u00f3n obligat\u00f2ries, sense ells no podem respondre\u2019l.<\/p>\n<p><strong>Amb quina finalitat i amb quina base legal?<\/strong><\/p>\n<p><strong><em>ANDTROPIA<\/em><\/strong> utilitza les seves dades personals per a les finalitats seg\u00fcents:<\/p>\n<ul>\n<li>Gestionar la nostra WEB.<\/li>\n<li>Posar-nos en contacte i comunicar-nos amb Vost\u00e8.<\/li>\n<li>Gestionar qualsevol servei o acci\u00f3 que ens sol\u00b7liciti.<\/li>\n<li>Millorar els nostres serveis i la WEB.<\/li>\n<li>Per a protegir i exercir els vostres drets o respondre davant reclamacions de qualsevol \u00edndole. Quan sigui necessari, per a prendre precaucions contra qualsevol responsabilitat legal en qu\u00e8 puguem inc\u00f3rrer; investigar i defensar-nos de qualsevol reclamaci\u00f3 o den\u00fancia per part de tercers; investigar i protegir-nos de fets fraudulents, aix\u00ed com per a protegir la seguretat dels nostres serveis.<\/li>\n<\/ul>\n<p>La base legal del tractament que fa <strong><em>ANDTROPIA<\/em><\/strong> a les seves dades \u00e9s:<\/p>\n<ul>\n<li>Execuci\u00f3 d\u2019un contracte.<\/li>\n<li>Aplicaci\u00f3 de mesures precontractuals.<\/li>\n<li>Compliment legal.<\/li>\n<li>Inter\u00e8s leg\u00edtim.<\/li>\n<\/ul>\n<p><strong>Quant de temps es conservaran les meves dades? <\/strong><\/p>\n<p><strong><em>ANDTROPIA<\/em><\/strong> conservar\u00e0 les seves dades personals el temps necessari per a les finalitats descrites m\u00e9s amunt. En cas que hi hagi una legislaci\u00f3 que obligui <strong><em>ANDTROPIA<\/em><\/strong> a conservar les seves dades personals, <strong><em>ANDTROPIA<\/em><\/strong> conservar\u00e0 les seves dades personals durant dit per\u00edode addicional, per\u00f2 seran bloquejades i nom\u00e9s es tractaran per garantir-ne la conservaci\u00f3. Finalitzats aquests terminis, les dades personals seran suprimides.<\/p>\n<p><strong>A qui passarem les vostres dades? <\/strong><\/p>\n<p>Per aconseguir les finalitats anteriorment esmentades, <strong><em>ANDTROPIA<\/em><\/strong> contracta diversos serveis de tercers per a proporcionar els seus serveis (prove\u00efdors d&#8217;allotjament web, comunicaci\u00f3, an\u00e0lisi, gesti\u00f3 de qualitat, etc.), alguns dels quals estan situats geogr\u00e0ficament fora d&#8217;Andorra:<\/p>\n<p>Espanya.- Pa\u00eds que s\u00ed proporciona un nivell de protecci\u00f3 de les dades equivalent a l&#8217;existent a Andorra, en ser un Estat membre de la Uni\u00f3 Europea.<\/p>\n<p>Estats Units.- \u00c9s un pa\u00eds que no proporciona un nivell de protecci\u00f3 de les dades equivalent a l&#8217;existent a Andorra. No obstant aix\u00f2, s&#8217;han establert garanties addicionals mitjan\u00e7ant cl\u00e0usules contractuals amb aquests prove\u00efdors.<\/p>\n<p>Tamb\u00e9 es poden cedir dades personals a administracions p\u00fabliques competents, en els casos que preveu la Llei i per a les finalitats que s\u2019hi defineixin.<\/p>\n<p><strong>Elaboraci\u00f3 de perfils<\/strong><\/p>\n<p>L\u2019informem que <strong><em>ANDTROPIA<\/em><\/strong> en cap cas, elaborar\u00e0 perfils o realitzar\u00e0 decisions automatitzades.<\/p>\n<p><strong>De quins drets disposeu? <\/strong><\/p>\n<p>En compliment de la LQPD i els seus reglaments de desenvolupament, <strong><em>ANDTROPIA<\/em><\/strong> l\u2019informa que disposa dels drets d&#8217;acc\u00e9s, rectificaci\u00f3, supressi\u00f3, limitaci\u00f3 de tractament, portabilitat i oposici\u00f3 de les seves dades personals, reconeguts en l&#8217;esmentada normativa.<\/p>\n<p>Per tal d\u2019exercir-los vost\u00e8 haur\u00e0 d&#8217;enviar una comunicaci\u00f3 escrita i signada a l&#8217;adre\u00e7a de correu electr\u00f2nic <a href=\"mailto:marta@andtropia.com\">marta@andtropia.com<\/a> , haur\u00e0 d&#8217;adjuntar una c\u00f2pia del seu passaport o un altre document nacional d&#8217;identitat per tal que <strong><em>ANDTROPIA<\/em><\/strong> pugui comprovar la vostra identitat (les dades aqu\u00ed adjuntades nom\u00e9s es tractaran per la finalitat exclusiva de tramitar els vostres exercicis de drets i s\u2019eliminaran immediatament un cop complerta aquesta finalitat).<\/p>\n<p>Davant de qualsevol vulneraci\u00f3 dels seus drets, especialment quan vost\u00e8 no hagi obtingut satisfacci\u00f3 en el seu exercici, pot presentar una reclamaci\u00f3 davant l\u2019Ag\u00e8ncia Andorrana de Protecci\u00f3 de Dades (APDA).<\/p>\n<p><strong>Puc retirar el meu consentiment? <\/strong><\/p>\n<p>El consentiment donat per a alguna finalitat espec\u00edfica, pot ser retirat en qualsevol moment, sense que aix\u00f2 afecti la licitud del tractament basat en el consentiment previ a la retirada. En aquests sup\u00f2sits <strong><em>ANDTROPIA<\/em><\/strong><em> SLU<\/em> deixar\u00e0 de tractar les dades personals o, si s&#8217;escau, deixar\u00e0 de fer-ho per a aquesta finalitat en concret, excepte per motius leg\u00edtims imperiosos, o l&#8217;exercici o la defensa de possibles reclamacions.<\/p>\n<p><strong>Amb quines mesures de seguretat protegirem les vostres dades? <\/strong><\/p>\n<p><strong><em>ANDTROPIA<\/em><\/strong> li garanteix que el tractament que portar\u00e0 a terme de les seves dades personals est\u00e0 sotm\u00e8s al m\u00e9s estricte deure de confidencialitat, i que s&#8217;han establert les mesures necess\u00e0ries, tant t\u00e8cniques com organitzatives, per a garantir la seguretat de les seves dades personals i evitar-ne l\u2019alteraci\u00f3, mal \u00fas, p\u00e8rdua, robatori i tractament i\/o acc\u00e9s no autoritzat.<\/p>\n<p><strong>Possibles canvis en la pol\u00edtica de privacitat? <\/strong><\/p>\n<p>Aquesta pol\u00edtica de privacitat \u00e9s subjecta a eventuals canvis d&#8217;acord amb la legislaci\u00f3 aplicable en cada moment. En tot cas, qualsevol modificaci\u00f3 d&#8217;aquesta Pol\u00edtica de Privacitat li ser\u00e0 degudament notificada perqu\u00e8 vost\u00e8 quedi informat dels canvis produ\u00efts i pugui atorgar el seu consentiment expr\u00e9s a aquests canvis.<\/p>\t\t\t\t\t\t\t\t<\/div>\n\t\t\t\t<\/div>\n\t\t\t\t\t<\/div>\n\t\t<\/div>\n\t\t\t\t\t<\/div>\n\t\t<\/section>\n\t\t\t\t<\/div>","protected":false},"excerpt":{"rendered":"<p>POL\u00cdTICA DE PRIVACITAT ANDTROPIA es compromet a protegir la vostra privacitat i desenvolupar la tecnologia que us proporcioni l\u2019experi\u00e8ncia m\u00e9s segura a la p\u00e0gina web. Aquesta declaraci\u00f3 de privacitat \u00e9s v\u00e0lida per a la plana web https:\/\/andtropia.com\/ i regula la recollida i l\u2019\u00fas de dades. Acceptant les pol\u00edtiques de privacitat, consentiu a les pr\u00e0ctiques descrites &#8230; <a title=\"Pol\u00edtica de Privacitat\" class=\"read-more\" href=\"https:\/\/andtropia.com\/fr\/politica-de-privacitat\/\" aria-label=\"En savoir plus sur Pol\u00edtica de Privacitat\">Lire la suite<\/a><\/p>","protected":false},"author":1,"featured_media":0,"parent":0,"menu_order":0,"comment_status":"closed","ping_status":"closed","template":"elementor_header_footer","meta":{"footnotes":""},"class_list":["post-3","page","type-page","status-publish"],"_links":{"self":[{"href":"https:\/\/andtropia.com\/fr\/wp-json\/wp\/v2\/pages\/3","targetHints":{"allow":["GET"]}}],"collection":[{"href":"https:\/\/andtropia.com\/fr\/wp-json\/wp\/v2\/pages"}],"about":[{"href":"https:\/\/andtropia.com\/fr\/wp-json\/wp\/v2\/types\/page"}],"author":[{"embeddable":true,"href":"https:\/\/andtropia.com\/fr\/wp-json\/wp\/v2\/users\/1"}],"replies":[{"embeddable":true,"href":"https:\/\/andtropia.com\/fr\/wp-json\/wp\/v2\/comments?post=3"}],"version-history":[{"count":8,"href":"https:\/\/andtropia.com\/fr\/wp-json\/wp\/v2\/pages\/3\/revisions"}],"predecessor-version":[{"id":1578,"href":"https:\/\/andtropia.com\/fr\/wp-json\/wp\/v2\/pages\/3\/revisions\/1578"}],"wp:attachment":[{"href":"https:\/\/andtropia.com\/fr\/wp-json\/wp\/v2\/media?parent=3"}],"curies":[{"name":"wp","href":"https:\/\/api.w.org\/{rel}","templated":true}]}}