{"id":573,"date":"2024-10-11T08:51:14","date_gmt":"2024-10-11T08:51:14","guid":{"rendered":"https:\/\/andtropia.com\/?page_id=573"},"modified":"2024-10-11T09:23:51","modified_gmt":"2024-10-11T09:23:51","slug":"avis-legal","status":"publish","type":"page","link":"https:\/\/andtropia.com\/fr\/avis-legal\/","title":{"rendered":"Av\u00eds Legal"},"content":{"rendered":"<div data-elementor-type=\"wp-page\" data-elementor-id=\"573\" class=\"elementor elementor-573\" data-elementor-post-type=\"page\">\n\t\t\t\t\t\t<section class=\"elementor-section elementor-top-section elementor-element elementor-element-76415ccb elementor-section-boxed elementor-section-height-default elementor-section-height-default\" data-id=\"76415ccb\" data-element_type=\"section\" data-e-type=\"section\">\n\t\t\t\t\t\t<div class=\"elementor-container elementor-column-gap-default\">\n\t\t\t\t\t<div class=\"elementor-column elementor-col-100 elementor-top-column elementor-element elementor-element-477fed4f\" data-id=\"477fed4f\" data-element_type=\"column\" data-e-type=\"column\">\n\t\t\t<div class=\"elementor-widget-wrap elementor-element-populated\">\n\t\t\t\t\t\t<div class=\"elementor-element elementor-element-54ea2c99 elementor-widget elementor-widget-text-editor\" data-id=\"54ea2c99\" data-element_type=\"widget\" data-e-type=\"widget\" data-widget_type=\"text-editor.default\">\n\t\t\t\t<div class=\"elementor-widget-container\">\n\t\t\t\t\t\t\t\t\t<h2 class=\"wp-block-heading\">AV\u00cdS LEGAL<\/h2>\n<!-- \/wp:heading --><!-- wp:paragraph -->\n<p>Aquest av\u00eds legal recull les condicions generals que regulen l&#8217;acc\u00e9s i l&#8217;\u00fas de la p\u00e0gina web <a href=\"https:\/\/andtropia.com\/fr\/\">https:\/\/andtropia.com\/<\/a> , d&#8217;ara endavant &#8220;la WEB&#8221;.<\/p>\n<p><strong>DADES IDENTIFICATIVES RESPONSABLE<\/strong><\/p>\n<p><strong><em>ANDTROPIA<\/em><\/strong> \u00e9s propietari del lloc web <a href=\"https:\/\/andtropia.com\/fr\/\">https:\/\/andtropia.com\/<\/a><\/p>\n<p><strong>Titular:<\/strong>\u00a0<strong><em>ANDTROPIA<\/em><\/strong><\/p>\n<p><strong>NRT:<\/strong>\u00a0F-025487-Z<br \/><strong>Adre\u00e7a:<\/strong> Edifici BOMOSA-ALBA , Avda. Dr. Mitjavila , 5, AD500 Andorra la Vella. \u00a0Hive Five,\u00a0 Coworking Andorra<br \/><strong>Tel\u00e8fon:<\/strong>\u00a0(+ 376) 366 126<\/p>\n<p><strong>Correu electr\u00f2nic:<\/strong>\u00a0<a href=\"mailto:marta@andtropia.com\">marta@andtropia.com<\/a><\/p>\n<p>L&#8217;acc\u00e9s a la WEB \u00e9s gratu\u00eft i la seva visualitzaci\u00f3 no requereix cap registre ni subscripci\u00f3 pr\u00e8via.<\/p>\n<p><strong>OBJECTE<\/strong><\/p>\n<p><strong><em>ANDTROPIA<\/em><\/strong> a trav\u00e9s del seu lloc web ofereix ajudar entitats en la gesti\u00f3 de projectes d\u2019\u00e0mbit social aix\u00ed com donar suport a ONG i institucions en els drets dels col\u00b7lectius m\u00e9s vulnerables.<\/p>\n<p>Aix\u00ed tamb\u00e9, a trav\u00e9s de la seva WEB tractar\u00e0 les dades personals facilitades pels usuaris per tal d\u2019atendre les sol\u00b7licituds d\u2019informaci\u00f3 rebudes i respondre les consultes plantejades.<\/p>\n<p><strong>LIMITACI\u00d3 DE RESPONSABILITAT <\/strong><\/p>\n<p><strong><em>ANDTROPIA<\/em><\/strong> no es responsabilitza dels danys i perjudicis produ\u00efts o que es puguin produir, de cap naturalesa, que es derivin de l&#8217;\u00fas de la informaci\u00f3, del contingut de la WEB i dels programes que incorpora, i que puguin ocasionar, a t\u00edtol enunciatiu i no limitatiu: errors o omissions en els continguts, falta de disponibilitat de la WEB o la transmissi\u00f3 de virus o programes maliciosos o lesius en els continguts, malgrat haver adoptat totes les mesures tecnol\u00f2giques necess\u00e0ries per evitar-ho.<\/p>\n<p>La informaci\u00f3 continguda en la WEB \u00e9s la vigent en la data de l&#8217;\u00faltima actualitzaci\u00f3, i <strong><em>ANDTROPIA<\/em><\/strong> no garanteix l&#8217;abs\u00e8ncia d&#8217;errors en l&#8217;acc\u00e9s a la WEB ni en el contingut, per\u00f2 adoptar\u00e0 les mesures pertinents per evitar-los, corregir-los i\/o actualitzar-los tan aviat com es detectin.<\/p>\n<p><strong><em>ANDTROPIA<\/em><\/strong> podr\u00e0 donar per acabada, suspendre o interrompre unilateralment, la operativitat d\u2019aquest lloc web, sense possibilitat de sol\u00b7licitar indemnitzaci\u00f3 alguna per l\u2019usuari.<\/p>\n<p>Aix\u00ed mateix, <strong><em>ANDTROPIA<\/em><\/strong> es reserva el dret de modificar i\/o ometre totalment o parcialment els continguts de la WEB i restringir-ne l&#8217;acc\u00e9s. En cas que s&#8217;hagin de realitzar operacions de manteniment, reparaci\u00f3, actualitzaci\u00f3 o millora dels serveis, <strong><em>ANDTROPIA<\/em><\/strong> es reserva el dret de suspendre temporalment i sense necessitat de previ av\u00eds l&#8217;acc\u00e9s a la WEB, aix\u00ed com el dret de prestaci\u00f3 o cancel\u00b7laci\u00f3 dels serveis, sense perjudici de procurar posar-ho en coneixement dels usuaris, sempre que les circumst\u00e0ncies ho permetin.<\/p>\n<p>L&#8217;\u00fas d&#8217;aquesta WEB i la informaci\u00f3 que es facilita \u00e9s responsabilitat de l&#8217;usuari.<\/p>\n<p>Cap tercer podr\u00e0 establir una relaci\u00f3 de framing entre les seves p\u00e0gines web i la WEB. Aix\u00ed mateix, <strong><em>ANDTROPIA<\/em><\/strong> no es responsabilitza del contingut de tercers al qual es pugui accedir mitjan\u00e7ant els enlla\u00e7os continguts a la WEB.<\/p>\n<p><strong>SERVEIS I PRODUCTES DE LA WEB <\/strong><\/p>\n<p>La WEB pot contenir enlla\u00e7os a p\u00e0gines web alienes que es posen a disposici\u00f3 de l&#8217;usuari amb l&#8217;\u00fanica finalitat de facilitar-li l&#8217;acc\u00e9s als continguts, productes o serveis que puguin ser del seu inter\u00e8s i que <strong><em>ANDTROPIA<\/em><\/strong> no gestiona ni controla en cap moment.<\/p>\n<p>La inclusi\u00f3 dels enlla\u00e7os a portals de tercers no implica en cap cas una vinculaci\u00f3 entre <strong><em>ANDTROPIA<\/em><\/strong> i els titulars dels portals enlla\u00e7ats. <strong><em>ANDTROPIA<\/em><\/strong> no assumeix cap tipus de responsabilitat directa o indirecta en relaci\u00f3 amb la licitud, veracitat, utilitat, qualitat o fiabilitat dels serveis i continguts propietat de tercers, o que aquests gestionin o controlin, encara que s&#8217;hi pugui accedir a trav\u00e9s de la WEB.<\/p>\n<p>A tots els efectes legals, s&#8217;ent\u00e9n que qualsevol relaci\u00f3 contractual o extracontractual que l&#8217;usuari dugui a terme amb tercers contactats mitjan\u00e7ant la WEB es realitza \u00fanicament i exclusivament entre l&#8217;usuari i els tercers. L&#8217;usuari accepta que <strong><em>ANDTROPIA<\/em><\/strong> no tingui cap responsabilitat sobre els danys o perjudicis de qualsevol naturalesa ocasionats amb motiu de les negociacions, converses o relacions contractuals o extracontractuals entre l&#8217;usuari i tercers contactats per mitj\u00e0 de la WEB.<\/p>\n<p>L&#8217;usuari haur\u00e0 de prendre coneixement de les indicacions, dels avisos o de les advert\u00e8ncies legals que els portals de tercers puguin establir pel seu \u00fas.<\/p>\n<p><strong>RESPONSABILITAT DE L\u2019USUARI <\/strong><\/p>\n<p>L&#8217;usuari \u00e9s responsable del compliment de les lleis i reglaments en vigor i de les regles aplicables a l&#8217;\u00fas que es realitzi dels productes i aplicacions. Tanmateix, es prohibeix l&#8217;\u00fas de la WEB contrari a la bona fe, en particular i de manera no exhaustiva: la utilitzaci\u00f3 contr\u00e0ria a la normativa andorrana o que infringeixi els drets de tercers; la publicaci\u00f3 o transmissi\u00f3 de qualsevol contingut que resulti violent, obsc\u00e8, abusiu, il\u00b7legal, racial, xen\u00f2fob o difamatori; alterar o intervenir per mitjans fraudulents p\u00e0gines web personals o correus electr\u00f2nics, o sistemes d&#8217;altres usuaris o tercers sense la seva autoritzaci\u00f3; els cracks, n\u00fameros de s\u00e8rie de programes o qualsevol altre contingut que vulneri els drets de la propietat intel\u00b7lectual de tercers; la recollida i\/o la utilitzaci\u00f3 de dades personals d&#8217;altres usuaris sense el seu consentiment expr\u00e9s o que contravingui les disposicions de la Llei Qualificada 29\/2021 de protecci\u00f3 de dades personals; la utilitzaci\u00f3 del servidor de correu, el domini i les adreces de correu electr\u00f2nic amb finalitats de correu no desitjat, bombardeig de correu, suplantaci\u00f3 d&#8217;identitat, frau sota cust\u00f2dia de tercers, Scam 419, pharming, difusi\u00f3 de virus (troians, etc.) o qualsevol altre tipus d&#8217;activitat realitzada amb \u00e0nim fraudulent o delictiu. Queda expressament prohibit accedir, modificar, visualitzar la configuraci\u00f3, l&#8217;estructura i els arxius dels servidors de la WEB. Davant qualsevol problema que es pugui produir en els servidors i sistemes de seguretat de la WEB com a conseq\u00fc\u00e8ncia directa d&#8217;una actuaci\u00f3 negligent de l&#8217;usuari, aquest respondr\u00e0 per la responsabilitat civil i penal que correspongui. L&#8217;usuari respectar\u00e0 els est\u00e0ndards t\u00e8cnics disposats per la WEB en l&#8217;administraci\u00f3 i desenvolupament dels productes utilitzats de manera que no es produeixi un \u00fas abusiu que retardi els servidors i perjudiqui la prestaci\u00f3 dels productes o drets d&#8217;altres usuaris.<\/p>\n<p><strong>PROTECCI\u00d3 DE DADES PERSONALS I COOKIES <\/strong><\/p>\n<p><strong><em>ANDTROPIA<\/em><\/strong> aplica una Pol\u00edtica de Protecci\u00f3 de Dades basada en el compliment del que requereix la Llei 29\/2021, del 28 d\u2019octubre, qualificada de Protecci\u00f3 de Dades Personals (&#8220;LQDP&#8221;), i amb els reglaments que la desenvolupen.<\/p>\n<p><strong><em>ANDTROPIA<\/em><\/strong> l\u2019informa que disposa dels drets d&#8217;acc\u00e9s, rectificaci\u00f3, supressi\u00f3, oposici\u00f3, portabilitat i limitaci\u00f3 de tractament reconeguts en l&#8217;esmentada normativa.<\/p>\n<p>L\u2019informem que aquesta p\u00e0gina web recull cookies. Trobareu una explicaci\u00f3 exhaustiva en el seg\u00fcent enlla\u00e7. (posar-hi enlla\u00e7 Pol\u00edtica de cookies)<\/p>\n<p>Per m\u00e9s informaci\u00f3 sobre com tractarem les dades personals consulteu el seg\u00fcent enlla\u00e7 (enlla\u00e7 a Pol\u00edtica de privacitat)<\/p>\n<p><strong>PROPIETAT INTEL\u00b7LECTUAL SOBRE ELS CONTINGUTS <\/strong><\/p>\n<p>Tots els elements que apareixen a la WEB, sense limitaci\u00f3 (fotografies, m\u00fasica, sons, animacions, programari, textos, nom de domini, marques, informaci\u00f3 i contingut recopilat de tota la web, etc. ) , aix\u00ed com l&#8217;estructura, el disseny gr\u00e0fic i el codi font s\u00f3n propietat de <strong><em>ANDTROPIA<\/em><\/strong>, o si s&#8217;escau, de tercers que li han cedit els corresponents drets d&#8217;\u00fas, i que l&#8217;usuari d&#8217;aquest lloc web ha de respectar, i que per tant estan protegits per la normativa de propietat intel\u00b7lectual. No es podran realitzar actes totals o parcials de reproducci\u00f3, publicaci\u00f3, tractament inform\u00e0tic, distribuci\u00f3, difusi\u00f3, transformaci\u00f3, compilaci\u00f3, modificaci\u00f3, distribuci\u00f3 o comunicaci\u00f3 p\u00fablica de la WEB sense el consentiment previ i per escrit de <strong><em>ANDTROPIA<\/em><\/strong><em>. <\/em>\u00a0L&#8217;acc\u00e9s per part de l&#8217;usuari als continguts i els serveis de la WEB no implica cap dret pel que fa a la transmissi\u00f3, cessi\u00f3, utilitzaci\u00f3, alteraci\u00f3, explotaci\u00f3, reproducci\u00f3, distribuci\u00f3 o comunicaci\u00f3 p\u00fablica, objecte de propietat intel\u00b7lectual, sense la pr\u00e8via i expressa autoritzaci\u00f3 espec\u00edficament atorgada a aquest efecte per part de NOM RESPONSABLE o del tercer titular dels drets, si s&#8217;escau. Els usuaris de la WEB nom\u00e9s podran realitzar un \u00fas privat i personal dels continguts, \u00e9s a dir, nom\u00e9s tindran dret a visualitzar i realitzar c\u00f2pies dels continguts per al seu \u00fas personal i exclusiu i hauran d&#8217;aplicar aquests drets sobre la base dels principis de bona fe i la normativa aplicable. Queda absolutament prohibit l&#8217;\u00fas de la WEB o de qualsevol dels seus elements amb finalitats comercials o il\u00b7l\u00edcites. La utilitzaci\u00f3 no autoritzada de la informaci\u00f3 continguda en aquest Portal, aix\u00ed com els perjudicis ocasionats en els drets de propietat intel\u00b7lectual, poden donar lloc a l&#8217;exercici de les accions legals pertinents i, si s&#8217;escau, a les responsabilitats derivades d&#8217;aquest exercici.<\/p>\n<p><strong>PROPIETAT INDUSTRIAL<\/strong><\/p>\n<p>Les marques i logotips presents en aquest lloc web es troben protegits per les lleis nacionals i internacionals sobre la propietat industrial. Igualment, els logotips que identifiquen a <strong><em>ANDTROPIA<\/em><\/strong> s\u00f3n de la seva propietat exclusiva.<\/p>\n<p><a href=\"https:\/\/andtropia.com\/fr\/\">https:\/\/andtropia.com\/<\/a> \u00e9s un domini registrat per <strong><em>ANDTROPIA<\/em><\/strong>.<\/p>\n<p>Queda prohibida la reproducci\u00f3 (excepte la desc\u00e0rrega temporal del lloc web al disc dur del seu ordenador, o als servidors proxy), la c\u00f2pia, l\u2019\u00fas, la distribuci\u00f3, la reutilitzaci\u00f3, explotaci\u00f3, realitzaci\u00f3 de segones c\u00f2pies, enviament per correu, la transmissi\u00f3 i la modificaci\u00f3 de qualsevol signe distintiu anteriorment mencionat i que es trobi en aquest lloc web, excepte autoritzaci\u00f3 expressa del seu titular.<\/p>\n<p><strong>COMPROMISOS <\/strong><\/p>\n<p><strong><em>ANDTROPIA<\/em><\/strong> es compromet a no realitzar publicitat enganyosa. En aquest sentit, no es consideraran publicitat enganyosa els errors formals o num\u00e8rics que es puguin trobar en el contingut de les diferents seccions de la WEB a causa del manteniment i\/o de l&#8217;actualitzaci\u00f3 incompleta o defectuosa de la informaci\u00f3 continguda en aquestes seccions de la WEB com a conseq\u00fc\u00e8ncia del que s\u2019ha esmentat en aquest apartat, <strong><em>ANDTROPIA<\/em><\/strong> es compromet a corregir aquesta situaci\u00f3 tan aviat com tingui const\u00e0ncia dels esmentats errors.<\/p>\n<p><strong>ACCEPTACI\u00d3 <\/strong><\/p>\n<p>L&#8217;\u00fas de la WEB implica l&#8217;expressa i plena acceptaci\u00f3 d&#8217;aquestes condicions generals i de totes i cadascuna de les disposicions incloses en aquest av\u00eds legal en la versi\u00f3 publicada en el moment en qu\u00e8 l&#8217;usuari accedeix a aquest av\u00eds (excepte la pol\u00edtica de privacitat, que caldr\u00e0 acceptar-la expressament). En conseq\u00fc\u00e8ncia, es recomana que l&#8217;usuari llegeixi aquest av\u00eds legal cada vegada que accedeixi a la WEB, at\u00e8s que es poden produir modificacions en les condicions generals, sense perjudici de les condicions particulars que es puguin aplicar a determinats serveis concrets de la WEB.<\/p>\n<p><strong>LEGISLACI\u00d3 I JURISDICCI\u00d3 APLICABLE <\/strong><\/p>\n<p>Les presents condicions d&#8217;acc\u00e9s i \u00fas queden subjectes a la legislaci\u00f3 andorrana i a la compet\u00e8ncia dels tribunals.<\/p>\n<!-- wp:heading {\"level\":3} --><!-- \/wp:paragraph -->\t\t\t\t\t\t\t\t<\/div>\n\t\t\t\t<\/div>\n\t\t\t\t\t<\/div>\n\t\t<\/div>\n\t\t\t\t\t<\/div>\n\t\t<\/section>\n\t\t\t\t<\/div>","protected":false},"excerpt":{"rendered":"<p>AV\u00cdS LEGAL Aquest av\u00eds legal recull les condicions generals que regulen l&#8217;acc\u00e9s i l&#8217;\u00fas de la p\u00e0gina web https:\/\/andtropia.com\/ , d&#8217;ara endavant &#8220;la WEB&#8221;. DADES IDENTIFICATIVES RESPONSABLE ANDTROPIA \u00e9s propietari del lloc web https:\/\/andtropia.com\/ Titular:\u00a0ANDTROPIA NRT:\u00a0F-025487-ZAdre\u00e7a: Edifici BOMOSA-ALBA , Avda. Dr. Mitjavila , 5, AD500 Andorra la Vella. \u00a0Hive Five,\u00a0 Coworking AndorraTel\u00e8fon:\u00a0(+ 376) 366 126 &#8230; <a title=\"Av\u00eds Legal\" class=\"read-more\" href=\"https:\/\/andtropia.com\/fr\/avis-legal\/\" aria-label=\"En savoir plus sur Av\u00eds Legal\">Lire la suite<\/a><\/p>","protected":false},"author":1,"featured_media":0,"parent":0,"menu_order":0,"comment_status":"closed","ping_status":"closed","template":"elementor_header_footer","meta":{"footnotes":""},"class_list":["post-573","page","type-page","status-publish"],"_links":{"self":[{"href":"https:\/\/andtropia.com\/fr\/wp-json\/wp\/v2\/pages\/573","targetHints":{"allow":["GET"]}}],"collection":[{"href":"https:\/\/andtropia.com\/fr\/wp-json\/wp\/v2\/pages"}],"about":[{"href":"https:\/\/andtropia.com\/fr\/wp-json\/wp\/v2\/types\/page"}],"author":[{"embeddable":true,"href":"https:\/\/andtropia.com\/fr\/wp-json\/wp\/v2\/users\/1"}],"replies":[{"embeddable":true,"href":"https:\/\/andtropia.com\/fr\/wp-json\/wp\/v2\/comments?post=573"}],"version-history":[{"count":13,"href":"https:\/\/andtropia.com\/fr\/wp-json\/wp\/v2\/pages\/573\/revisions"}],"predecessor-version":[{"id":1582,"href":"https:\/\/andtropia.com\/fr\/wp-json\/wp\/v2\/pages\/573\/revisions\/1582"}],"wp:attachment":[{"href":"https:\/\/andtropia.com\/fr\/wp-json\/wp\/v2\/media?parent=573"}],"curies":[{"name":"wp","href":"https:\/\/api.w.org\/{rel}","templated":true}]}}