{"id":8,"date":"2021-04-10T10:00:44","date_gmt":"2021-04-10T10:00:44","guid":{"rendered":"https:\/\/andtropia.com\/?page_id=8"},"modified":"2021-06-06T16:20:04","modified_gmt":"2021-06-06T16:20:04","slug":"home","status":"publish","type":"page","link":"https:\/\/andtropia.com\/fr\/","title":{"rendered":"Maison"},"content":{"rendered":"<div data-elementor-type=\"wp-page\" data-elementor-id=\"8\" class=\"elementor elementor-8\" data-elementor-post-type=\"page\">\n\t\t\t\t\t\t<section class=\"elementor-section elementor-top-section elementor-element elementor-element-b012d40 elementor-section-height-min-height elementor-section-full_width elementor-section-items-stretch elementor-section-content-middle elementor-section-height-default\" data-id=\"b012d40\" data-element_type=\"section\" data-e-type=\"section\">\n\t\t\t\t\t\t\t<div class=\"elementor-background-overlay\"><\/div>\n\t\t\t\t\t\t\t<div class=\"elementor-container elementor-column-gap-no\">\n\t\t\t\t\t<div class=\"elementor-column elementor-col-50 elementor-top-column elementor-element elementor-element-d25960f elementor-hidden-phone\" data-id=\"d25960f\" data-element_type=\"column\" data-e-type=\"column\">\n\t\t\t<div class=\"elementor-widget-wrap\">\n\t\t\t\t\t\t\t<\/div>\n\t\t<\/div>\n\t\t\t\t<div class=\"elementor-column elementor-col-50 elementor-top-column elementor-element elementor-element-2cc4a49\" data-id=\"2cc4a49\" data-element_type=\"column\" data-e-type=\"column\" data-settings=\"{&quot;background_background&quot;:&quot;classic&quot;}\">\n\t\t\t<div class=\"elementor-widget-wrap elementor-element-populated\">\n\t\t\t\t\t<div class=\"elementor-background-overlay\"><\/div>\n\t\t\t\t\t\t<div class=\"elementor-element elementor-element-ce3dd3a elementor-widget elementor-widget-heading\" data-id=\"ce3dd3a\" data-element_type=\"widget\" data-e-type=\"widget\" data-widget_type=\"heading.default\">\n\t\t\t\t<div class=\"elementor-widget-container\">\n\t\t\t\t\t<span class=\"elementor-heading-title elementor-size-large\">Notre objectif est de relier la volont\u00e9 et l&#039;altruisme de la personne et\/ou de l&#039;entit\u00e9 aux besoins r\u00e9els, en les canalisant \u00e0 travers des projets \u00e0 impact social. Et ainsi, entre tous <b>rejoindre pour faire un monde meilleur<\/b>.<\/span>\t\t\t\t<\/div>\n\t\t\t\t<\/div>\n\t\t\t\t\t<\/div>\n\t\t<\/div>\n\t\t\t\t\t<\/div>\n\t\t<\/section>\n\t\t\t\t<section class=\"elementor-section elementor-top-section elementor-element elementor-element-331fb42 elementor-section-boxed elementor-section-height-default elementor-section-height-default\" data-id=\"331fb42\" data-element_type=\"section\" data-e-type=\"section\">\n\t\t\t\t\t\t<div class=\"elementor-container elementor-column-gap-default\">\n\t\t\t\t\t<div class=\"elementor-column elementor-col-33 elementor-top-column elementor-element elementor-element-8e6bbd7\" data-id=\"8e6bbd7\" data-element_type=\"column\" data-e-type=\"column\">\n\t\t\t<div class=\"elementor-widget-wrap elementor-element-populated\">\n\t\t\t\t\t\t<div class=\"elementor-element elementor-element-4a6439f elementor-view-default elementor-position-block-start elementor-mobile-position-block-start elementor-widget elementor-widget-icon-box\" data-id=\"4a6439f\" data-element_type=\"widget\" data-e-type=\"widget\" data-widget_type=\"icon-box.default\">\n\t\t\t\t<div class=\"elementor-widget-container\">\n\t\t\t\t\t\t\t<div class=\"elementor-icon-box-wrapper\">\n\n\t\t\t\t\t\t<div class=\"elementor-icon-box-icon\">\n\t\t\t\t<span  class=\"elementor-icon\">\n\t\t\t\t<i aria-hidden=\"true\" class=\"fas fa-hand-holding-heart\"><\/i>\t\t\t\t<\/span>\n\t\t\t<\/div>\n\t\t\t\n\t\t\t\t\t\t<div class=\"elementor-icon-box-content\">\n\n\t\t\t\t\n\t\t\t\t\t\t\t\t\t<p class=\"elementor-icon-box-description\">\n\t\t\t\t\t\tNous g\u00e9rons la solidarit\u00e9 avec responsabilit\u00e9, transparence et une perspective globale. \t\t\t\t\t<\/p>\n\t\t\t\t\n\t\t\t<\/div>\n\t\t\t\n\t\t<\/div>\n\t\t\t\t\t\t<\/div>\n\t\t\t\t<\/div>\n\t\t\t\t\t<\/div>\n\t\t<\/div>\n\t\t\t\t<div class=\"elementor-column elementor-col-33 elementor-top-column elementor-element elementor-element-df2a04c\" data-id=\"df2a04c\" data-element_type=\"column\" data-e-type=\"column\">\n\t\t\t<div class=\"elementor-widget-wrap elementor-element-populated\">\n\t\t\t\t\t\t<div class=\"elementor-element elementor-element-313ce2f elementor-view-default elementor-position-block-start elementor-mobile-position-block-start elementor-widget elementor-widget-icon-box\" data-id=\"313ce2f\" data-element_type=\"widget\" data-e-type=\"widget\" data-widget_type=\"icon-box.default\">\n\t\t\t\t<div class=\"elementor-widget-container\">\n\t\t\t\t\t\t\t<div class=\"elementor-icon-box-wrapper\">\n\n\t\t\t\t\t\t<div class=\"elementor-icon-box-icon\">\n\t\t\t\t<span  class=\"elementor-icon\">\n\t\t\t\t<i aria-hidden=\"true\" class=\"fas fa-balance-scale\"><\/i>\t\t\t\t<\/span>\n\t\t\t<\/div>\n\t\t\t\n\t\t\t\t\t\t<div class=\"elementor-icon-box-content\">\n\n\t\t\t\t\n\t\t\t\t\t\t\t\t\t<p class=\"elementor-icon-box-description\">\n\t\t\t\t\t\tNous promouvons l&#039;\u00e9quit\u00e9 dans le monde pour atteindre des r\u00e9alit\u00e9s plus justes et plus \u00e9quitables\t\t\t\t\t<\/p>\n\t\t\t\t\n\t\t\t<\/div>\n\t\t\t\n\t\t<\/div>\n\t\t\t\t\t\t<\/div>\n\t\t\t\t<\/div>\n\t\t\t\t\t<\/div>\n\t\t<\/div>\n\t\t\t\t<div class=\"elementor-column elementor-col-33 elementor-top-column elementor-element elementor-element-3a50d2d\" data-id=\"3a50d2d\" data-element_type=\"column\" data-e-type=\"column\">\n\t\t\t<div class=\"elementor-widget-wrap elementor-element-populated\">\n\t\t\t\t\t\t<div class=\"elementor-element elementor-element-a5b5825 elementor-view-default elementor-position-block-start elementor-mobile-position-block-start elementor-widget elementor-widget-icon-box\" data-id=\"a5b5825\" data-element_type=\"widget\" data-e-type=\"widget\" data-widget_type=\"icon-box.default\">\n\t\t\t\t<div class=\"elementor-widget-container\">\n\t\t\t\t\t\t\t<div class=\"elementor-icon-box-wrapper\">\n\n\t\t\t\t\t\t<div class=\"elementor-icon-box-icon\">\n\t\t\t\t<span  class=\"elementor-icon\">\n\t\t\t\t<i aria-hidden=\"true\" class=\"fas fa-user-tag\"><\/i>\t\t\t\t<\/span>\n\t\t\t<\/div>\n\t\t\t\n\t\t\t\t\t\t<div class=\"elementor-icon-box-content\">\n\n\t\t\t\t\n\t\t\t\t\t\t\t\t\t<p class=\"elementor-icon-box-description\">\n\t\t\t\t\t\tNous personnalisons l&#039;exp\u00e9rience solidaire du donateur avec un portefeuille de projets unique\t\t\t\t\t<\/p>\n\t\t\t\t\n\t\t\t<\/div>\n\t\t\t\n\t\t<\/div>\n\t\t\t\t\t\t<\/div>\n\t\t\t\t<\/div>\n\t\t\t\t\t<\/div>\n\t\t<\/div>\n\t\t\t\t\t<\/div>\n\t\t<\/section>\n\t\t\t\t<section class=\"elementor-section elementor-top-section elementor-element elementor-element-34a72e2a elementor-section-content-middle elementor-section-boxed elementor-section-height-default elementor-section-height-default\" data-id=\"34a72e2a\" data-element_type=\"section\" data-e-type=\"section\">\n\t\t\t\t\t\t\t<div class=\"elementor-background-overlay\"><\/div>\n\t\t\t\t\t\t\t<div class=\"elementor-container elementor-column-gap-no\">\n\t\t\t\t\t<div class=\"elementor-column elementor-col-50 elementor-top-column elementor-element elementor-element-5134ce83\" data-id=\"5134ce83\" data-element_type=\"column\" data-e-type=\"column\">\n\t\t\t<div class=\"elementor-widget-wrap elementor-element-populated\">\n\t\t\t\t\t\t<div class=\"elementor-element elementor-element-bf16934 elementor-view-default elementor-widget elementor-widget-icon\" data-id=\"bf16934\" data-element_type=\"widget\" data-e-type=\"widget\" data-widget_type=\"icon.default\">\n\t\t\t\t<div class=\"elementor-widget-container\">\n\t\t\t\t\t\t\t<div class=\"elementor-icon-wrapper\">\n\t\t\t<div class=\"elementor-icon\">\n\t\t\t<i aria-hidden=\"true\" class=\"fas fa-quote-left\"><\/i>\t\t\t<\/div>\n\t\t<\/div>\n\t\t\t\t\t\t<\/div>\n\t\t\t\t<\/div>\n\t\t\t\t<div class=\"elementor-element elementor-element-7046cbe5 elementor-widget elementor-widget-text-editor\" data-id=\"7046cbe5\" data-element_type=\"widget\" data-e-type=\"widget\" data-widget_type=\"text-editor.default\">\n\t\t\t\t<div class=\"elementor-widget-container\">\n\t\t\t\t\t\t\t\t\t<p class=\"p1\">L&#039;objectif d&#039;Andtropia est de r\u00e9unir deux mondes : celui des personnes et des entreprises qui cherchent \u00e0 aider et des projets philanthropiques qui ont besoin d&#039;\u00eatre dynamis\u00e9s. Notre valeur ajout\u00e9e est de cr\u00e9er une v\u00e9ritable exp\u00e9rience de solidarit\u00e9, proche et personnalis\u00e9e. aussi <span class=\"s1\">nous accompagnons<\/span> institutions, fondations et ONG dans divers projets li\u00e9s \u00e0 la protection <span class=\"s1\">des collectifs<\/span> plus vuln\u00e9rable<\/p>\t\t\t\t\t\t\t\t<\/div>\n\t\t\t\t<\/div>\n\t\t\t\t<div class=\"elementor-element elementor-element-2b910757 elementor-widget elementor-widget-heading\" data-id=\"2b910757\" data-element_type=\"widget\" data-e-type=\"widget\" data-widget_type=\"heading.default\">\n\t\t\t\t<div class=\"elementor-widget-container\">\n\t\t\t\t\t<span class=\"elementor-heading-title elementor-size-default\">marta alberch<\/span>\t\t\t\t<\/div>\n\t\t\t\t<\/div>\n\t\t\t\t<div class=\"elementor-element elementor-element-783ee157 elementor-widget elementor-widget-heading\" data-id=\"783ee157\" data-element_type=\"widget\" data-e-type=\"widget\" data-widget_type=\"heading.default\">\n\t\t\t\t<div class=\"elementor-widget-container\">\n\t\t\t\t\t<div class=\"elementor-heading-title elementor-size-default\">Directeur d&#039;Andropia<\/div>\t\t\t\t<\/div>\n\t\t\t\t<\/div>\n\t\t\t\t\t<\/div>\n\t\t<\/div>\n\t\t\t\t<div class=\"elementor-column elementor-col-50 elementor-top-column elementor-element elementor-element-2d2ebb42\" data-id=\"2d2ebb42\" data-element_type=\"column\" data-e-type=\"column\" data-settings=\"{&quot;background_background&quot;:&quot;classic&quot;}\">\n\t\t\t<div class=\"elementor-widget-wrap elementor-element-populated\">\n\t\t\t\t\t\t<div class=\"elementor-element elementor-element-4c9563bb elementor-widget elementor-widget-image\" data-id=\"4c9563bb\" data-element_type=\"widget\" data-e-type=\"widget\" data-widget_type=\"image.default\">\n\t\t\t\t<div class=\"elementor-widget-container\">\n\t\t\t\t\t\t\t\t\t\t\t\t\t\t\t<img fetchpriority=\"high\" decoding=\"async\" width=\"1535\" height=\"2118\" src=\"https:\/\/andtropia.com\/wp-content\/uploads\/2021\/04\/Andtropia-202102-Calsinaimatges-e1619371821195.jpg\" class=\"attachment-full size-full wp-image-640\" alt=\"\" srcset=\"https:\/\/andtropia.com\/wp-content\/uploads\/2021\/04\/Andtropia-202102-Calsinaimatges-e1619371821195.jpg 1535w, https:\/\/andtropia.com\/wp-content\/uploads\/2021\/04\/Andtropia-202102-Calsinaimatges-e1619371821195-217x300.jpg 217w, https:\/\/andtropia.com\/wp-content\/uploads\/2021\/04\/Andtropia-202102-Calsinaimatges-e1619371821195-742x1024.jpg 742w, https:\/\/andtropia.com\/wp-content\/uploads\/2021\/04\/Andtropia-202102-Calsinaimatges-e1619371821195-768x1060.jpg 768w, https:\/\/andtropia.com\/wp-content\/uploads\/2021\/04\/Andtropia-202102-Calsinaimatges-e1619371821195-1113x1536.jpg 1113w, https:\/\/andtropia.com\/wp-content\/uploads\/2021\/04\/Andtropia-202102-Calsinaimatges-e1619371821195-1484x2048.jpg 1484w\" sizes=\"(max-width: 1535px) 100vw, 1535px\" \/>\t\t\t\t\t\t\t\t\t\t\t\t\t\t\t<\/div>\n\t\t\t\t<\/div>\n\t\t\t\t\t<\/div>\n\t\t<\/div>\n\t\t\t\t\t<\/div>\n\t\t<\/section>\n\t\t\t\t<section class=\"elementor-section elementor-top-section elementor-element elementor-element-62d7e768 elementor-section-content-middle elementor-section-boxed elementor-section-height-default elementor-section-height-default\" data-id=\"62d7e768\" data-element_type=\"section\" data-e-type=\"section\">\n\t\t\t\t\t\t<div class=\"elementor-container elementor-column-gap-no\">\n\t\t\t\t\t<div class=\"elementor-column elementor-col-100 elementor-top-column elementor-element elementor-element-24cf49b6\" data-id=\"24cf49b6\" data-element_type=\"column\" data-e-type=\"column\">\n\t\t\t<div class=\"elementor-widget-wrap elementor-element-populated\">\n\t\t\t\t\t\t<div class=\"elementor-element elementor-element-15a8c8d0 elementor-widget elementor-widget-heading\" data-id=\"15a8c8d0\" data-element_type=\"widget\" data-e-type=\"widget\" data-widget_type=\"heading.default\">\n\t\t\t\t<div class=\"elementor-widget-container\">\n\t\t\t\t\t<h2 class=\"elementor-heading-title elementor-size-default\">Nos services<\/h2>\t\t\t\t<\/div>\n\t\t\t\t<\/div>\n\t\t\t\t<section class=\"elementor-section elementor-inner-section elementor-element elementor-element-2701547c elementor-section-content-middle elementor-section-boxed elementor-section-height-default elementor-section-height-default\" data-id=\"2701547c\" data-element_type=\"section\" data-e-type=\"section\">\n\t\t\t\t\t\t<div class=\"elementor-container elementor-column-gap-no\">\n\t\t\t\t\t<div class=\"elementor-column elementor-col-50 elementor-inner-column elementor-element elementor-element-4a9c05d7\" data-id=\"4a9c05d7\" data-element_type=\"column\" data-e-type=\"column\" data-settings=\"{&quot;background_background&quot;:&quot;classic&quot;}\">\n\t\t\t<div class=\"elementor-widget-wrap elementor-element-populated\">\n\t\t\t\t\t\t<div class=\"elementor-element elementor-element-a14b5bb elementor-widget elementor-widget-image\" data-id=\"a14b5bb\" data-element_type=\"widget\" data-e-type=\"widget\" data-widget_type=\"image.default\">\n\t\t\t\t<div class=\"elementor-widget-container\">\n\t\t\t\t\t\t\t\t\t\t\t\t\t\t\t<img decoding=\"async\" width=\"1024\" height=\"719\" src=\"https:\/\/andtropia.com\/wp-content\/uploads\/2021\/04\/pexels-fox-1071249_BW-scaled-e1619533899947-1024x719.jpg\" class=\"attachment-large size-large wp-image-774\" alt=\"Medi Ambient\" srcset=\"https:\/\/andtropia.com\/wp-content\/uploads\/2021\/04\/pexels-fox-1071249_BW-scaled-e1619533899947-1024x719.jpg 1024w, https:\/\/andtropia.com\/wp-content\/uploads\/2021\/04\/pexels-fox-1071249_BW-scaled-e1619533899947-300x211.jpg 300w, https:\/\/andtropia.com\/wp-content\/uploads\/2021\/04\/pexels-fox-1071249_BW-scaled-e1619533899947-768x539.jpg 768w, https:\/\/andtropia.com\/wp-content\/uploads\/2021\/04\/pexels-fox-1071249_BW-scaled-e1619533899947-1536x1079.jpg 1536w, https:\/\/andtropia.com\/wp-content\/uploads\/2021\/04\/pexels-fox-1071249_BW-scaled-e1619533899947-2048x1438.jpg 2048w, https:\/\/andtropia.com\/wp-content\/uploads\/2021\/04\/pexels-fox-1071249_BW-scaled-e1619533899947-1568x1101.jpg 1568w\" sizes=\"(max-width: 1024px) 100vw, 1024px\" \/>\t\t\t\t\t\t\t\t\t\t\t\t\t\t\t<\/div>\n\t\t\t\t<\/div>\n\t\t\t\t<div class=\"elementor-element elementor-element-52fade7 elementor-widget elementor-widget-heading\" data-id=\"52fade7\" data-element_type=\"widget\" data-e-type=\"widget\" data-widget_type=\"heading.default\">\n\t\t\t\t<div class=\"elementor-widget-container\">\n\t\t\t\t\t<h3 class=\"elementor-heading-title elementor-size-default\">Des projets philanthropiques sur mesure<\/h3>\t\t\t\t<\/div>\n\t\t\t\t<\/div>\n\t\t\t\t<div class=\"elementor-element elementor-element-372eb0e0 elementor-align-center elementor-widget elementor-widget-button\" data-id=\"372eb0e0\" data-element_type=\"widget\" data-e-type=\"widget\" data-widget_type=\"button.default\">\n\t\t\t\t<div class=\"elementor-widget-container\">\n\t\t\t\t\t\t\t\t\t<div class=\"elementor-button-wrapper\">\n\t\t\t\t\t<a class=\"elementor-button elementor-button-link elementor-size-lg\" href=\"https:\/\/andtropia.com\/fr\/filantropia\/\">\n\t\t\t\t\t\t<span class=\"elementor-button-content-wrapper\">\n\t\t\t\t\t\t\t\t\t<span class=\"elementor-button-text\">Plus d&#039;information<\/span>\n\t\t\t\t\t<\/span>\n\t\t\t\t\t<\/a>\n\t\t\t\t<\/div>\n\t\t\t\t\t\t\t\t<\/div>\n\t\t\t\t<\/div>\n\t\t\t\t\t<\/div>\n\t\t<\/div>\n\t\t\t\t<div class=\"elementor-column elementor-col-50 elementor-inner-column elementor-element elementor-element-b2fa34d\" data-id=\"b2fa34d\" data-element_type=\"column\" data-e-type=\"column\" data-settings=\"{&quot;background_background&quot;:&quot;classic&quot;}\">\n\t\t\t<div class=\"elementor-widget-wrap elementor-element-populated\">\n\t\t\t\t\t\t<div class=\"elementor-element elementor-element-d51193a elementor-widget elementor-widget-image\" data-id=\"d51193a\" data-element_type=\"widget\" data-e-type=\"widget\" data-widget_type=\"image.default\">\n\t\t\t\t<div class=\"elementor-widget-container\">\n\t\t\t\t\t\t\t\t\t\t\t\t\t\t\t<img decoding=\"async\" width=\"1024\" height=\"683\" src=\"https:\/\/andtropia.com\/wp-content\/uploads\/2021\/04\/pexels-polina-zimmerman-3782235_BW-1024x683.jpg\" class=\"attachment-large size-large wp-image-775\" alt=\"\" srcset=\"https:\/\/andtropia.com\/wp-content\/uploads\/2021\/04\/pexels-polina-zimmerman-3782235_BW-1024x683.jpg 1024w, https:\/\/andtropia.com\/wp-content\/uploads\/2021\/04\/pexels-polina-zimmerman-3782235_BW-300x200.jpg 300w, https:\/\/andtropia.com\/wp-content\/uploads\/2021\/04\/pexels-polina-zimmerman-3782235_BW-768x512.jpg 768w, https:\/\/andtropia.com\/wp-content\/uploads\/2021\/04\/pexels-polina-zimmerman-3782235_BW-1536x1024.jpg 1536w, https:\/\/andtropia.com\/wp-content\/uploads\/2021\/04\/pexels-polina-zimmerman-3782235_BW-2048x1365.jpg 2048w, https:\/\/andtropia.com\/wp-content\/uploads\/2021\/04\/pexels-polina-zimmerman-3782235_BW-1568x1045.jpg 1568w\" sizes=\"(max-width: 1024px) 100vw, 1024px\" \/>\t\t\t\t\t\t\t\t\t\t\t\t\t\t\t<\/div>\n\t\t\t\t<\/div>\n\t\t\t\t<div class=\"elementor-element elementor-element-f0f59d8 elementor-widget elementor-widget-heading\" data-id=\"f0f59d8\" data-element_type=\"widget\" data-e-type=\"widget\" data-widget_type=\"heading.default\">\n\t\t\t\t<div class=\"elementor-widget-container\">\n\t\t\t\t\t<h3 class=\"elementor-heading-title elementor-size-default\">Gestion de projets sociaux<\/h3>\t\t\t\t<\/div>\n\t\t\t\t<\/div>\n\t\t\t\t<div class=\"elementor-element elementor-element-f5b6eaf elementor-align-center elementor-widget elementor-widget-button\" data-id=\"f5b6eaf\" data-element_type=\"widget\" data-e-type=\"widget\" data-widget_type=\"button.default\">\n\t\t\t\t<div class=\"elementor-widget-container\">\n\t\t\t\t\t\t\t\t\t<div class=\"elementor-button-wrapper\">\n\t\t\t\t\t<a class=\"elementor-button elementor-button-link elementor-size-lg\" href=\"https:\/\/andtropia.com\/fr\/assessorament\/\">\n\t\t\t\t\t\t<span class=\"elementor-button-content-wrapper\">\n\t\t\t\t\t\t\t\t\t<span class=\"elementor-button-text\">Plus d&#039;information<\/span>\n\t\t\t\t\t<\/span>\n\t\t\t\t\t<\/a>\n\t\t\t\t<\/div>\n\t\t\t\t\t\t\t\t<\/div>\n\t\t\t\t<\/div>\n\t\t\t\t\t<\/div>\n\t\t<\/div>\n\t\t\t\t\t<\/div>\n\t\t<\/section>\n\t\t\t\t\t<\/div>\n\t\t<\/div>\n\t\t\t\t\t<\/div>\n\t\t<\/section>\n\t\t\t\t<\/div>","protected":false},"excerpt":{"rendered":"<p>Notre objectif est de relier la volont\u00e9 et l&#039;altruisme de la personne et\/ou de l&#039;entit\u00e9 aux besoins r\u00e9els, en les canalisant \u00e0 travers des projets \u00e0 impact social. Et ainsi, ensemble, unissez-vous pour cr\u00e9er un monde meilleur. Nous g\u00e9rons la solidarit\u00e9 avec responsabilit\u00e9, transparence et une perspective globale. Nous promouvons l&#039;\u00e9quit\u00e9 dans le monde pour atteindre des r\u00e9alit\u00e9s plus justes et plus \u00e9quitables... <a title=\"Maison\" class=\"read-more\" href=\"https:\/\/andtropia.com\/fr\/\" aria-label=\"En savoir plus sur Accueil\">Lire la suite<\/a><\/p>","protected":false},"author":1,"featured_media":0,"parent":0,"menu_order":0,"comment_status":"closed","ping_status":"closed","template":"elementor_header_footer","meta":{"footnotes":""},"class_list":["post-8","page","type-page","status-publish"],"_links":{"self":[{"href":"https:\/\/andtropia.com\/fr\/wp-json\/wp\/v2\/pages\/8","targetHints":{"allow":["GET"]}}],"collection":[{"href":"https:\/\/andtropia.com\/fr\/wp-json\/wp\/v2\/pages"}],"about":[{"href":"https:\/\/andtropia.com\/fr\/wp-json\/wp\/v2\/types\/page"}],"author":[{"embeddable":true,"href":"https:\/\/andtropia.com\/fr\/wp-json\/wp\/v2\/users\/1"}],"replies":[{"embeddable":true,"href":"https:\/\/andtropia.com\/fr\/wp-json\/wp\/v2\/comments?post=8"}],"version-history":[{"count":314,"href":"https:\/\/andtropia.com\/fr\/wp-json\/wp\/v2\/pages\/8\/revisions"}],"predecessor-version":[{"id":1139,"href":"https:\/\/andtropia.com\/fr\/wp-json\/wp\/v2\/pages\/8\/revisions\/1139"}],"wp:attachment":[{"href":"https:\/\/andtropia.com\/fr\/wp-json\/wp\/v2\/media?parent=8"}],"curies":[{"name":"wp","href":"https:\/\/api.w.org\/{rel}","templated":true}]}}