{"id":842,"date":"2021-04-27T22:06:02","date_gmt":"2021-04-27T22:06:02","guid":{"rendered":"https:\/\/andtropia.com\/?page_id=842"},"modified":"2024-10-11T13:51:59","modified_gmt":"2024-10-11T13:51:59","slug":"qui-som","status":"publish","type":"page","link":"https:\/\/andtropia.com\/fr\/qui-som\/","title":{"rendered":"Qui sommes nous?"},"content":{"rendered":"<div data-elementor-type=\"wp-page\" data-elementor-id=\"842\" class=\"elementor elementor-842\" data-elementor-post-type=\"page\">\n\t\t\t\t\t\t<section class=\"elementor-section elementor-top-section elementor-element elementor-element-575eec0 elementor-section-boxed elementor-section-height-default elementor-section-height-default\" data-id=\"575eec0\" data-element_type=\"section\" data-e-type=\"section\">\n\t\t\t\t\t\t<div class=\"elementor-container elementor-column-gap-default\">\n\t\t\t\t\t<div class=\"elementor-column elementor-col-100 elementor-top-column elementor-element elementor-element-3380728\" data-id=\"3380728\" data-element_type=\"column\" data-e-type=\"column\">\n\t\t\t<div class=\"elementor-widget-wrap elementor-element-populated\">\n\t\t\t\t\t\t<div class=\"elementor-element elementor-element-3b7b5cb elementor-headline--style-highlight elementor-widget elementor-widget-animated-headline\" data-id=\"3b7b5cb\" data-element_type=\"widget\" data-e-type=\"widget\" data-settings=\"{&quot;marker&quot;:&quot;underline_zigzag&quot;,&quot;highlighted_text&quot;:&quot;Qui som?&quot;,&quot;headline_style&quot;:&quot;highlight&quot;,&quot;loop&quot;:&quot;yes&quot;,&quot;highlight_animation_duration&quot;:1200,&quot;highlight_iteration_delay&quot;:8000}\" data-widget_type=\"animated-headline.default\">\n\t\t\t\t<div class=\"elementor-widget-container\">\n\t\t\t\t\t\t\t<h1 class=\"elementor-headline\">\n\t\t\t\t<span class=\"elementor-headline-dynamic-wrapper elementor-headline-text-wrapper\">\n\t\t\t\t\t<span class=\"elementor-headline-dynamic-text elementor-headline-text-active\">Qui sommes nous?<\/span>\n\t\t\t\t<\/span>\n\t\t\t\t<\/h1>\n\t\t\t\t\t\t<\/div>\n\t\t\t\t<\/div>\n\t\t\t\t\t<\/div>\n\t\t<\/div>\n\t\t\t\t\t<\/div>\n\t\t<\/section>\n\t\t\t\t<section class=\"elementor-section elementor-top-section elementor-element elementor-element-da8ee3e elementor-section-boxed elementor-section-height-default elementor-section-height-default\" data-id=\"da8ee3e\" data-element_type=\"section\" data-e-type=\"section\" data-settings=\"{&quot;background_background&quot;:&quot;classic&quot;}\">\n\t\t\t\t\t\t<div class=\"elementor-container elementor-column-gap-default\">\n\t\t\t\t\t<div class=\"elementor-column elementor-col-100 elementor-top-column elementor-element elementor-element-89cca6e\" data-id=\"89cca6e\" data-element_type=\"column\" data-e-type=\"column\">\n\t\t\t<div class=\"elementor-widget-wrap elementor-element-populated\">\n\t\t\t\t\t\t<div class=\"elementor-element elementor-element-4258282 elementor-widget elementor-widget-text-editor\" data-id=\"4258282\" data-element_type=\"widget\" data-e-type=\"widget\" data-widget_type=\"text-editor.default\">\n\t\t\t\t<div class=\"elementor-widget-container\">\n\t\t\t\t\t\t\t\t\t<p class=\"p1\">Andtropia est un projet innovant et unique dans le pays, une entreprise sp\u00e9cialis\u00e9e dans la philanthropie et les projets \u00e0 impact social.<\/p><p>\u00a0<\/p><p class=\"p1\">Notre vocation est d&#039;aider <b>entit\u00e9s dans la gestion de projets sociaux et connecter la volont\u00e9 de faire un monde meilleur en collaborant \u00e0 des initiatives locales et internationales qui ont besoin d&#039;\u00eatre dynamis\u00e9es pour avoir un impact social significatif<\/b>.<\/p><p>\u00a0<\/p><p class=\"p1\">Nous sommes des professionnels de la gestion de la solidarit\u00e9 et avons une vision globale, sans perdre de vue les projets solidaires d&#039;Andorre. Actuellement, nous avons deux lignes de services principales. Le premier, la gestion de la solidarit\u00e9 (philanthropie) de mani\u00e8re personnalis\u00e9e et avec des projets sur mesure. Le second est de soutenir les ONG et les institutions dans les droits des groupes les plus vuln\u00e9rables et d&#039;autres aspects li\u00e9s \u00e0 la gestion de ce type d&#039;institutions et de projets sociaux.<\/p><p>\u00a0<\/p><p class=\"p4\">La volont\u00e9 d&#039;Andtropia est d&#039;\u00eatre fid\u00e8le \u00e0 notre objectif et \u00e0 nos valeurs. Il faut donc \u00eatre coh\u00e9rent avec des projets sociaux qui r\u00e9pondent \u00e0 un <b>bonne cause<\/b>. Pour qu&#039;un projet social fasse partie de nos causes, il doit d\u00e9passer les crit\u00e8res \u00e9tablis par notre entreprise. En d&#039;autres termes, nous valorisons l&#039;innovation et la fa\u00e7on dont un probl\u00e8me sp\u00e9cifique est r\u00e9solu, comment les r\u00e9sultats sont atteints et comment les b\u00e9n\u00e9ficiaires l&#039;appr\u00e9cient.<\/p><p class=\"p4\">Nos valeurs sont la <b>rigueur, orientation r\u00e9sultats, professionnalisme, confiance et transparence.<\/b><\/p>\t\t\t\t\t\t\t\t<\/div>\n\t\t\t\t<\/div>\n\t\t\t\t\t<\/div>\n\t\t<\/div>\n\t\t\t\t\t<\/div>\n\t\t<\/section>\n\t\t\t\t<section class=\"elementor-section elementor-top-section elementor-element elementor-element-9517679 elementor-section-boxed elementor-section-height-default elementor-section-height-default\" data-id=\"9517679\" data-element_type=\"section\" data-e-type=\"section\">\n\t\t\t\t\t\t<div class=\"elementor-container elementor-column-gap-default\">\n\t\t\t\t\t<div class=\"elementor-column elementor-col-100 elementor-top-column elementor-element elementor-element-6e6c37c\" data-id=\"6e6c37c\" data-element_type=\"column\" data-e-type=\"column\">\n\t\t\t<div class=\"elementor-widget-wrap elementor-element-populated\">\n\t\t\t\t\t\t<div class=\"elementor-element elementor-element-6cfcb12 elementor-widget elementor-widget-heading\" data-id=\"6cfcb12\" data-element_type=\"widget\" data-e-type=\"widget\" data-widget_type=\"heading.default\">\n\t\t\t\t<div class=\"elementor-widget-container\">\n\t\t\t\t\t<h2 class=\"elementor-heading-title elementor-size-default\">Andtropie en 5 id\u00e9es<\/h2>\t\t\t\t<\/div>\n\t\t\t\t<\/div>\n\t\t\t\t<div class=\"elementor-element elementor-element-ff63c7f elementor-widget elementor-widget-text-editor\" data-id=\"ff63c7f\" data-element_type=\"widget\" data-e-type=\"widget\" data-widget_type=\"text-editor.default\">\n\t\t\t\t<div class=\"elementor-widget-container\">\n\t\t\t\t\t\t\t\t\t<ul class=\"ul1\"><li class=\"li1\">Sp\u00e9cialistes en<b> mener des projets sociaux<\/b>, tant au niveau local qu&#039;international<\/li><li class=\"li1\">Proposition d&#039;un<b> id\u00e9e unique, innovante et inexistante <\/b>dans le pays dans le domaine de la philanthropie<\/li><li class=\"li1\">Nous trouvons les projets adapt\u00e9s aux philanthropes et entreprises collaboratrices. Nous personnalisons la solidarit\u00e9 au maximum pour offrir une exp\u00e9rience unique<\/li><li class=\"li1\"><b>V\u00e9hicule de connexion <\/b>entre des personnes et des projets qui r\u00e9pondent \u00e0 des causes diverses mais \u00e0 fort impact social.<span class=\"Apple-converted-space\">\u00a0<\/span><\/li><li class=\"li1\">Nous apportons nos connaissances et offrons confiance et s\u00e9curit\u00e9 aux deux parties en toute transparence dans la gestion<\/li><\/ul>\t\t\t\t\t\t\t\t<\/div>\n\t\t\t\t<\/div>\n\t\t\t\t\t<\/div>\n\t\t<\/div>\n\t\t\t\t\t<\/div>\n\t\t<\/section>\n\t\t\t\t<section class=\"elementor-section elementor-top-section elementor-element elementor-element-a2f6526 elementor-section-boxed elementor-section-height-default elementor-section-height-default\" data-id=\"a2f6526\" data-element_type=\"section\" data-e-type=\"section\" data-settings=\"{&quot;background_background&quot;:&quot;classic&quot;}\">\n\t\t\t\t\t\t<div class=\"elementor-container elementor-column-gap-default\">\n\t\t\t\t\t<div class=\"elementor-column elementor-col-100 elementor-top-column elementor-element elementor-element-2a6fc2e\" data-id=\"2a6fc2e\" data-element_type=\"column\" data-e-type=\"column\">\n\t\t\t<div class=\"elementor-widget-wrap elementor-element-populated\">\n\t\t\t\t\t\t<div class=\"elementor-element elementor-element-c0548a9 elementor-widget elementor-widget-heading\" data-id=\"c0548a9\" data-element_type=\"widget\" data-e-type=\"widget\" data-widget_type=\"heading.default\">\n\t\t\t\t<div class=\"elementor-widget-container\">\n\t\t\t\t\t<h2 class=\"elementor-heading-title elementor-size-default\">marta alberch terres<\/h2>\t\t\t\t<\/div>\n\t\t\t\t<\/div>\n\t\t\t\t<section class=\"elementor-section elementor-inner-section elementor-element elementor-element-5cd41f5 elementor-section-boxed elementor-section-height-default elementor-section-height-default\" data-id=\"5cd41f5\" data-element_type=\"section\" data-e-type=\"section\">\n\t\t\t\t\t\t<div class=\"elementor-container elementor-column-gap-default\">\n\t\t\t\t\t<div class=\"elementor-column elementor-col-50 elementor-inner-column elementor-element elementor-element-6fd784c\" data-id=\"6fd784c\" data-element_type=\"column\" data-e-type=\"column\">\n\t\t\t<div class=\"elementor-widget-wrap elementor-element-populated\">\n\t\t\t\t\t\t<div class=\"elementor-element elementor-element-924511b elementor-widget elementor-widget-image\" data-id=\"924511b\" data-element_type=\"widget\" data-e-type=\"widget\" data-widget_type=\"image.default\">\n\t\t\t\t<div class=\"elementor-widget-container\">\n\t\t\t\t\t\t\t\t\t\t\t\t\t\t\t<img fetchpriority=\"high\" decoding=\"async\" width=\"899\" height=\"1024\" src=\"https:\/\/andtropia.com\/wp-content\/uploads\/2021\/04\/Andtropia-202108-Calsinaimatges-e1619372033562-899x1024.jpg\" class=\"attachment-large size-large wp-image-644\" alt=\"\" srcset=\"https:\/\/andtropia.com\/wp-content\/uploads\/2021\/04\/Andtropia-202108-Calsinaimatges-e1619372033562-899x1024.jpg 899w, https:\/\/andtropia.com\/wp-content\/uploads\/2021\/04\/Andtropia-202108-Calsinaimatges-e1619372033562-263x300.jpg 263w, https:\/\/andtropia.com\/wp-content\/uploads\/2021\/04\/Andtropia-202108-Calsinaimatges-e1619372033562-768x874.jpg 768w, https:\/\/andtropia.com\/wp-content\/uploads\/2021\/04\/Andtropia-202108-Calsinaimatges-e1619372033562-1349x1536.jpg 1349w, https:\/\/andtropia.com\/wp-content\/uploads\/2021\/04\/Andtropia-202108-Calsinaimatges-e1619372033562.jpg 1428w\" sizes=\"(max-width: 899px) 100vw, 899px\" \/>\t\t\t\t\t\t\t\t\t\t\t\t\t\t\t<\/div>\n\t\t\t\t<\/div>\n\t\t\t\t\t<\/div>\n\t\t<\/div>\n\t\t\t\t<div class=\"elementor-column elementor-col-50 elementor-inner-column elementor-element elementor-element-1fbe345\" data-id=\"1fbe345\" data-element_type=\"column\" data-e-type=\"column\">\n\t\t\t<div class=\"elementor-widget-wrap elementor-element-populated\">\n\t\t\t\t\t\t<div class=\"elementor-element elementor-element-5541004 elementor-widget elementor-widget-text-editor\" data-id=\"5541004\" data-element_type=\"widget\" data-e-type=\"widget\" data-widget_type=\"text-editor.default\">\n\t\t\t\t<div class=\"elementor-widget-container\">\n\t\t\t\t\t\t\t\t\t<p>Fundadora d\u2019Andtropia, empresa especialitzada en projectes amb impacte social. Posem en contacte persones que volen contribuir a crear un m\u00f3n millor i projectes de diversos \u00e0mbits que necessiten un impuls per posar-se en marxa o per assolir m\u00e9s abast, beneficiant a un nombre major de persones.<\/p><p>Actualment, ha estat nomenada Directora de l\u2019Institut Nacional de l\u2019Habitatge.<\/p><p>Dipl\u00f4me en commerce (UOC), en gestion et gestion d&#039;ONG (ESADE) et master en formation aux droits et politiques de l&#039;enfant dans la zone locale (Universidad Pablo de Olavide - S\u00e9ville), entre autres formations.<\/p><p>Chroniqueur r\u00e9gulier dans Diari d&#039;Andorra, avec des chroniques d&#039;opinion ax\u00e9es sur des questions sociales, solidaires et philanthropiques et se concentrant sur des aspects qui touchent directement ou indirectement les enfants.<\/p><p>Plus de 20 ans d&#039;exp\u00e9rience dans le secteur bancaire et, par la suite, 10 ans \u00e0 la t\u00eate du Comit\u00e9 National d&#039;Andorre pour l&#039;Unicef, visitant des projets en Jordanie, en Tha\u00eflande, au Cameroun, en R\u00e9publique du Congo et en Mauritanie sur le terrain pour arriver \u00e0 savent de premi\u00e8re main comment la solidarit\u00e9 peut am\u00e9liorer la vie de milliers d&#039;enfants et de leurs familles.<\/p><p>Autres loisirs et passions : alpinisme, raids aventure, hockey sur glace, raquettes, ski alpin, cuisine et voyages !<\/p>\t\t\t\t\t\t\t\t<\/div>\n\t\t\t\t<\/div>\n\t\t\t\t\t<\/div>\n\t\t<\/div>\n\t\t\t\t\t<\/div>\n\t\t<\/section>\n\t\t\t\t\t<\/div>\n\t\t<\/div>\n\t\t\t\t\t<\/div>\n\t\t<\/section>\n\t\t\t\t<section class=\"elementor-section elementor-top-section elementor-element elementor-element-abcea01 elementor-section-boxed elementor-section-height-default elementor-section-height-default\" data-id=\"abcea01\" data-element_type=\"section\" data-e-type=\"section\" data-settings=\"{&quot;background_background&quot;:&quot;classic&quot;}\">\n\t\t\t\t\t\t<div class=\"elementor-container elementor-column-gap-default\">\n\t\t\t\t\t<div class=\"elementor-column elementor-col-100 elementor-top-column elementor-element elementor-element-5e6a8a8\" data-id=\"5e6a8a8\" data-element_type=\"column\" data-e-type=\"column\">\n\t\t\t<div class=\"elementor-widget-wrap elementor-element-populated\">\n\t\t\t\t\t\t<div class=\"elementor-element elementor-element-aa63b76 elementor-widget elementor-widget-heading\" data-id=\"aa63b76\" data-element_type=\"widget\" data-e-type=\"widget\" data-widget_type=\"heading.default\">\n\t\t\t\t<div class=\"elementor-widget-container\">\n\t\t\t\t\t<h2 class=\"elementor-heading-title elementor-size-default\">merc\u00e8 miguel mill\u00e1n<\/h2>\t\t\t\t<\/div>\n\t\t\t\t<\/div>\n\t\t\t\t<section class=\"elementor-section elementor-inner-section elementor-element elementor-element-0b447cb elementor-section-boxed elementor-section-height-default elementor-section-height-default\" data-id=\"0b447cb\" data-element_type=\"section\" data-e-type=\"section\">\n\t\t\t\t\t\t<div class=\"elementor-container elementor-column-gap-default\">\n\t\t\t\t\t<div class=\"elementor-column elementor-col-50 elementor-inner-column elementor-element elementor-element-d522dc6\" data-id=\"d522dc6\" data-element_type=\"column\" data-e-type=\"column\">\n\t\t\t<div class=\"elementor-widget-wrap elementor-element-populated\">\n\t\t\t\t\t\t<div class=\"elementor-element elementor-element-12ba088 elementor-widget elementor-widget-image\" data-id=\"12ba088\" data-element_type=\"widget\" data-e-type=\"widget\" data-widget_type=\"image.default\">\n\t\t\t\t<div class=\"elementor-widget-container\">\n\t\t\t\t\t\t\t\t\t\t\t\t\t\t\t<img decoding=\"async\" width=\"899\" height=\"1024\" src=\"https:\/\/andtropia.com\/wp-content\/uploads\/2024\/10\/merce-miguel.jpg\" class=\"attachment-large size-large wp-image-1594\" alt=\"merc\u00e8 miguel mill\u00e1n\" srcset=\"https:\/\/andtropia.com\/wp-content\/uploads\/2024\/10\/merce-miguel.jpg 899w, https:\/\/andtropia.com\/wp-content\/uploads\/2024\/10\/merce-miguel-263x300.jpg 263w, https:\/\/andtropia.com\/wp-content\/uploads\/2024\/10\/merce-miguel-768x875.jpg 768w, https:\/\/andtropia.com\/wp-content\/uploads\/2024\/10\/merce-miguel-11x12.jpg 11w\" sizes=\"(max-width: 899px) 100vw, 899px\" \/>\t\t\t\t\t\t\t\t\t\t\t\t\t\t\t<\/div>\n\t\t\t\t<\/div>\n\t\t\t\t\t<\/div>\n\t\t<\/div>\n\t\t\t\t<div class=\"elementor-column elementor-col-50 elementor-inner-column elementor-element elementor-element-28f82ab\" data-id=\"28f82ab\" data-element_type=\"column\" data-e-type=\"column\">\n\t\t\t<div class=\"elementor-widget-wrap elementor-element-populated\">\n\t\t\t\t\t\t<div class=\"elementor-element elementor-element-63810a8 elementor-widget elementor-widget-text-editor\" data-id=\"63810a8\" data-element_type=\"widget\" data-e-type=\"widget\" data-widget_type=\"text-editor.default\">\n\t\t\t\t<div class=\"elementor-widget-container\">\n\t\t\t\t\t\t\t\t\t<p>Cap de projectes d\u2019Andtropia, amb m\u00e9s de 10 anys d\u2019experi\u00e8ncia en el tercer sector (Enginyeria Sense Fronteres primer i UNICEF despr\u00e9s). Gr\u00e0cies a la seva experi\u00e8ncia en organitzaci\u00f3 d\u2019esdeveniments, campanyes de sensibilitzaci\u00f3,comunicaci\u00f3 i moda sostenible podrem ampliar el nostre impacte social.<\/p><p>Llicenciada en Hist\u00f2ria(UAB), postgraduada en direcci\u00f3 i gesti\u00f3 d\u2019ONG (ESADE) i protocol i organitzaci\u00f3 d\u2019esdeveniments (ESPRI) i m\u00e0ster en direcci\u00f3 d\u2019associacions i fundacions (UB), entre altres formacions.<\/p><p>Postgraduada en Imatge Personal (ESME) i Moda Sostenible (UAL: Central Saint Martins)), una de les seves grans passions. Tamb\u00e9 li apassiona el cinema, la lectura, viatjar i el ioga.<\/p><p>La seva amplia formaci\u00f3 i la seva vocaci\u00f3 educativa l\u2019han portat a realitzar formacions sobre Responsabilitat Social Corporativa, Moda Sostenible, Drets d\u2019Inf\u00e0ncia i ODS, Protocol i Organitzaci\u00f3 d\u2019esdeveniments, Imatge Corporativa,&#8230; a diferents entitats p\u00fabliques i privades i institucions educatives.<\/p>\t\t\t\t\t\t\t\t<\/div>\n\t\t\t\t<\/div>\n\t\t\t\t\t<\/div>\n\t\t<\/div>\n\t\t\t\t\t<\/div>\n\t\t<\/section>\n\t\t\t\t\t<\/div>\n\t\t<\/div>\n\t\t\t\t\t<\/div>\n\t\t<\/section>\n\t\t\t\t<\/div>","protected":false},"excerpt":{"rendered":"<p>Qui sommes nous? Andtropia est un projet innovant et unique dans le pays, une entreprise sp\u00e9cialis\u00e9e dans la philanthropie et les projets \u00e0 impact social. Notre vocation est d&#039;aider les entit\u00e9s dans la gestion de projets sociaux et de relier le d\u00e9sir de cr\u00e9er un monde meilleur en collaborant \u00e0 des initiatives locales et internationales qui ont besoin d&#039;\u00eatre stimul\u00e9es... <a title=\"Qui sommes nous?\" class=\"read-more\" href=\"https:\/\/andtropia.com\/fr\/qui-som\/\" aria-label=\"En savoir plus sur Qui som?\">Lire la suite<\/a><\/p>","protected":false},"author":1,"featured_media":0,"parent":0,"menu_order":0,"comment_status":"closed","ping_status":"closed","template":"elementor_header_footer","meta":{"footnotes":""},"class_list":["post-842","page","type-page","status-publish"],"_links":{"self":[{"href":"https:\/\/andtropia.com\/fr\/wp-json\/wp\/v2\/pages\/842","targetHints":{"allow":["GET"]}}],"collection":[{"href":"https:\/\/andtropia.com\/fr\/wp-json\/wp\/v2\/pages"}],"about":[{"href":"https:\/\/andtropia.com\/fr\/wp-json\/wp\/v2\/types\/page"}],"author":[{"embeddable":true,"href":"https:\/\/andtropia.com\/fr\/wp-json\/wp\/v2\/users\/1"}],"replies":[{"embeddable":true,"href":"https:\/\/andtropia.com\/fr\/wp-json\/wp\/v2\/comments?post=842"}],"version-history":[{"count":55,"href":"https:\/\/andtropia.com\/fr\/wp-json\/wp\/v2\/pages\/842\/revisions"}],"predecessor-version":[{"id":1600,"href":"https:\/\/andtropia.com\/fr\/wp-json\/wp\/v2\/pages\/842\/revisions\/1600"}],"wp:attachment":[{"href":"https:\/\/andtropia.com\/fr\/wp-json\/wp\/v2\/media?parent=842"}],"curies":[{"name":"wp","href":"https:\/\/api.w.org\/{rel}","templated":true}]}}