{"id":937,"date":"2021-05-03T18:28:30","date_gmt":"2021-05-03T18:28:30","guid":{"rendered":"https:\/\/andtropia.com\/?page_id=937"},"modified":"2021-05-04T13:26:59","modified_gmt":"2021-05-04T13:26:59","slug":"col%c2%b7lectius-vulnerables","status":"publish","type":"page","link":"https:\/\/andtropia.com\/fr\/col%c2%b7lectius-vulnerables\/","title":{"rendered":"Groupes vuln\u00e9rables"},"content":{"rendered":"<div data-elementor-type=\"wp-page\" data-elementor-id=\"937\" class=\"elementor elementor-937\" data-elementor-post-type=\"page\">\n\t\t\t\t\t\t<section class=\"elementor-section elementor-top-section elementor-element elementor-element-70bd4c3 elementor-section-boxed elementor-section-height-default elementor-section-height-default\" data-id=\"70bd4c3\" data-element_type=\"section\" data-e-type=\"section\">\n\t\t\t\t\t\t<div class=\"elementor-container elementor-column-gap-default\">\n\t\t\t\t\t<div class=\"elementor-column elementor-col-100 elementor-top-column elementor-element elementor-element-de18565\" data-id=\"de18565\" data-element_type=\"column\" data-e-type=\"column\">\n\t\t\t<div class=\"elementor-widget-wrap elementor-element-populated\">\n\t\t\t\t\t\t<div class=\"elementor-element elementor-element-02c0e55 elementor-headline--style-highlight elementor-widget elementor-widget-animated-headline\" data-id=\"02c0e55\" data-element_type=\"widget\" data-e-type=\"widget\" data-settings=\"{&quot;marker&quot;:&quot;underline_zigzag&quot;,&quot;highlighted_text&quot;:&quot;Col\\u00b7lectius vulnerables&quot;,&quot;headline_style&quot;:&quot;highlight&quot;,&quot;highlight_animation_duration&quot;:1200}\" data-widget_type=\"animated-headline.default\">\n\t\t\t\t<div class=\"elementor-widget-container\">\n\t\t\t\t\t\t\t<h1 class=\"elementor-headline\">\n\t\t\t\t<span class=\"elementor-headline-dynamic-wrapper elementor-headline-text-wrapper\">\n\t\t\t\t\t<span class=\"elementor-headline-dynamic-text elementor-headline-text-active\">Groupes vuln\u00e9rables<\/span>\n\t\t\t\t<\/span>\n\t\t\t\t<\/h1>\n\t\t\t\t\t\t<\/div>\n\t\t\t\t<\/div>\n\t\t\t\t\t<\/div>\n\t\t<\/div>\n\t\t\t\t\t<\/div>\n\t\t<\/section>\n\t\t\t\t<section class=\"elementor-section elementor-top-section elementor-element elementor-element-622df42 elementor-section-boxed elementor-section-height-default elementor-section-height-default\" data-id=\"622df42\" data-element_type=\"section\" data-e-type=\"section\">\n\t\t\t\t\t\t<div class=\"elementor-container elementor-column-gap-default\">\n\t\t\t\t\t<div class=\"elementor-column elementor-col-50 elementor-top-column elementor-element elementor-element-616fd60\" data-id=\"616fd60\" data-element_type=\"column\" data-e-type=\"column\">\n\t\t\t<div class=\"elementor-widget-wrap elementor-element-populated\">\n\t\t\t\t\t\t<div class=\"elementor-element elementor-element-8f1aead elementor-widget elementor-widget-image\" data-id=\"8f1aead\" data-element_type=\"widget\" data-e-type=\"widget\" data-widget_type=\"image.default\">\n\t\t\t\t<div class=\"elementor-widget-container\">\n\t\t\t\t\t\t\t\t\t\t\t\t\t\t\t<img fetchpriority=\"high\" decoding=\"async\" width=\"1024\" height=\"683\" src=\"https:\/\/andtropia.com\/wp-content\/uploads\/2021\/05\/pexels-marcus-aurelius-4064337-BW-1-1024x683.jpg\" class=\"attachment-large size-large wp-image-1008\" alt=\"Col\u00b7lectius vulnerables\" srcset=\"https:\/\/andtropia.com\/wp-content\/uploads\/2021\/05\/pexels-marcus-aurelius-4064337-BW-1-1024x683.jpg 1024w, https:\/\/andtropia.com\/wp-content\/uploads\/2021\/05\/pexels-marcus-aurelius-4064337-BW-1-300x200.jpg 300w, https:\/\/andtropia.com\/wp-content\/uploads\/2021\/05\/pexels-marcus-aurelius-4064337-BW-1-768x512.jpg 768w, https:\/\/andtropia.com\/wp-content\/uploads\/2021\/05\/pexels-marcus-aurelius-4064337-BW-1-1536x1024.jpg 1536w, https:\/\/andtropia.com\/wp-content\/uploads\/2021\/05\/pexels-marcus-aurelius-4064337-BW-1-2048x1365.jpg 2048w, https:\/\/andtropia.com\/wp-content\/uploads\/2021\/05\/pexels-marcus-aurelius-4064337-BW-1-1568x1045.jpg 1568w\" sizes=\"(max-width: 1024px) 100vw, 1024px\" \/>\t\t\t\t\t\t\t\t\t\t\t\t\t\t\t<\/div>\n\t\t\t\t<\/div>\n\t\t\t\t\t<\/div>\n\t\t<\/div>\n\t\t\t\t<div class=\"elementor-column elementor-col-50 elementor-top-column elementor-element elementor-element-844dad0\" data-id=\"844dad0\" data-element_type=\"column\" data-e-type=\"column\">\n\t\t\t<div class=\"elementor-widget-wrap elementor-element-populated\">\n\t\t\t\t\t\t<div class=\"elementor-element elementor-element-c815183 elementor-widget elementor-widget-text-editor\" data-id=\"c815183\" data-element_type=\"widget\" data-e-type=\"widget\" data-widget_type=\"text-editor.default\">\n\t\t\t\t<div class=\"elementor-widget-container\">\n\t\t\t\t\t\t\t\t\t<ul><li>Nos projets en faveur des groupes les plus vuln\u00e9rables ont en commun de vouloir am\u00e9liorer la vie de leurs b\u00e9n\u00e9ficiaires. Qu&#039;il s&#039;agisse de donner aux enfants une chance d&#039;avoir un avenir, de donner aux femmes les moyens d&#039;avoir un travail d\u00e9cent, de veiller \u00e0 ce que les personnes handicap\u00e9es b\u00e9n\u00e9ficient d&#039;un acc\u00e8s et d&#039;une inclusion \u00e9gaux dans la soci\u00e9t\u00e9, de prot\u00e9ger et de soutenir les migrants et les r\u00e9fugi\u00e9s.<\/li><li>Tous men\u00e9s par des ONG et des entit\u00e9s qui ont d\u00e9montr\u00e9 des r\u00e9sultats \u00e0 impact social, avec transparence, rigueur et implication de leurs \u00e9quipes mais aussi de la communaut\u00e9 b\u00e9n\u00e9ficiaire du projet elle-m\u00eame.<\/li><\/ul>\t\t\t\t\t\t\t\t<\/div>\n\t\t\t\t<\/div>\n\t\t\t\t\t<\/div>\n\t\t<\/div>\n\t\t\t\t\t<\/div>\n\t\t<\/section>\n\t\t\t\t<\/div>","protected":false},"excerpt":{"rendered":"<p>Groupes vuln\u00e9rables Nos projets en faveur des groupes les plus vuln\u00e9rables ont en commun de vouloir am\u00e9liorer la vie de leurs b\u00e9n\u00e9ficiaires. Qu&#039;il s&#039;agisse de donner aux enfants une chance d&#039;avoir un avenir, de donner aux femmes les moyens d&#039;avoir un travail d\u00e9cent, en passant par l&#039;\u00e9galit\u00e9 d&#039;acc\u00e8s des personnes handicap\u00e9es... <a title=\"Groupes vuln\u00e9rables\" class=\"read-more\" href=\"https:\/\/andtropia.com\/fr\/col%c2%b7lectius-vulnerables\/\" aria-label=\"En savoir plus sur Col\u00b7lectius vulnerables\">Lire la suite<\/a><\/p>","protected":false},"author":1,"featured_media":0,"parent":0,"menu_order":0,"comment_status":"closed","ping_status":"closed","template":"elementor_header_footer","meta":{"footnotes":""},"class_list":["post-937","page","type-page","status-publish"],"_links":{"self":[{"href":"https:\/\/andtropia.com\/fr\/wp-json\/wp\/v2\/pages\/937","targetHints":{"allow":["GET"]}}],"collection":[{"href":"https:\/\/andtropia.com\/fr\/wp-json\/wp\/v2\/pages"}],"about":[{"href":"https:\/\/andtropia.com\/fr\/wp-json\/wp\/v2\/types\/page"}],"author":[{"embeddable":true,"href":"https:\/\/andtropia.com\/fr\/wp-json\/wp\/v2\/users\/1"}],"replies":[{"embeddable":true,"href":"https:\/\/andtropia.com\/fr\/wp-json\/wp\/v2\/comments?post=937"}],"version-history":[{"count":25,"href":"https:\/\/andtropia.com\/fr\/wp-json\/wp\/v2\/pages\/937\/revisions"}],"predecessor-version":[{"id":1049,"href":"https:\/\/andtropia.com\/fr\/wp-json\/wp\/v2\/pages\/937\/revisions\/1049"}],"wp:attachment":[{"href":"https:\/\/andtropia.com\/fr\/wp-json\/wp\/v2\/media?parent=937"}],"curies":[{"name":"wp","href":"https:\/\/api.w.org\/{rel}","templated":true}]}}